{"id":2153,"date":"2025-06-10T12:31:49","date_gmt":"2025-06-10T12:31:49","guid":{"rendered":"https:\/\/astenor.eu\/politika-koriscenja-kolacica\/"},"modified":"2025-12-19T13:17:17","modified_gmt":"2025-12-19T13:17:17","slug":"politika-koriscenja-kolacica","status":"publish","type":"page","link":"https:\/\/astenor.eu\/sr\/politika-koriscenja-kolacica\/","title":{"rendered":"Politika kori\u0161\u0107enja kola\u010di\u0107a"},"content":{"rendered":"\t\t<div data-elementor-type=\"wp-page\" data-elementor-id=\"2153\" class=\"elementor elementor-2153 elementor-1008\" data-elementor-post-type=\"page\">\n\t\t\t\t<div class=\"elementor-element elementor-element-44d08fa e-flex e-con-boxed e-con e-parent\" data-id=\"44d08fa\" data-element_type=\"container\">\n\t\t\t\t\t<div class=\"e-con-inner\">\n\t\t\t\t<div class=\"elementor-element elementor-element-07dae66 elementor-widget elementor-widget-heading\" data-id=\"07dae66\" data-element_type=\"widget\" data-widget_type=\"heading.default\">\n\t\t\t\t<div class=\"elementor-widget-container\">\n\t\t\t\t\t<h1 class=\"elementor-heading-title elementor-size-default\">Politika kori\u0161\u0107enja kola\u010di\u0107a<\/h1>\t\t\t\t<\/div>\n\t\t\t\t<\/div>\n\t\t\t\t<div class=\"elementor-element elementor-element-08dde77 elementor-widget elementor-widget-text-editor\" data-id=\"08dde77\" data-element_type=\"widget\" data-widget_type=\"text-editor.default\">\n\t\t\t\t<div class=\"elementor-widget-container\">\n\t\t\t\t\t\t\t\t\t<ol><li><b> \u0160ta su kola\u010di\u0107i?<\/b><\/li><\/ol><p><span style=\"font-weight: 400;\">Kola\u010di\u0107i su male tekstualne datoteke koje se \u010duvaju na va\u0161em ure\u0111aju (ra\u010dunaru, mobilnom telefonu, tabletu) kada posetite na\u0161 sajt. Ove datoteke omogu\u0107avaju prepoznavanje ure\u0111aja i pobolj\u0161avaju funkcionalnost sajta, bez pristupa informacijama u va\u0161em sistemu ili instaliranja softvera. <\/span><\/p><ol start=\"2\"><li><b> Za\u0161to koristimo kola\u010di\u0107e?<\/b><\/li><\/ol><p><span style=\"font-weight: 400;\">Kola\u010di\u0107e koristimo da bismo:<\/span><\/p><ul><li style=\"font-weight: 400;\" aria-level=\"1\"><span style=\"font-weight: 400;\">osigurali pravilan rad veb-sajta Astenor.ro;<\/span><\/li><li style=\"font-weight: 400;\" aria-level=\"1\"><span style=\"font-weight: 400;\">analizirali pona\u0161anje posetilaca u svrhu optimizacije;<\/span><\/li><li style=\"font-weight: 400;\" aria-level=\"1\"><span style=\"font-weight: 400;\">prilagodili sadr\u017eaj i preporuke va\u0161im preferencijama;<\/span><\/li><li style=\"font-weight: 400;\" aria-level=\"1\"><span style=\"font-weight: 400;\">pru\u017eili relevantne oglase, putem marketin\u0161kih partnera (npr. Google, Facebook).<\/span><\/li><\/ul><ol start=\"3\"><li><b> Vrste kola\u010di\u0107a koje koristimo<\/b><\/li><\/ol><ul><li style=\"font-weight: 400;\" aria-level=\"1\">Neophodni kola\u010di\u0107i \u2013 neophodni za pravilan rad sajta (npr. navigacija, pristup nalogu).<\/li><li style=\"font-weight: 400;\" aria-level=\"1\">Kola\u010di\u0107i za analitiku \u2013 poma\u017eu nam da razumemo kako posetioci koriste sajt (npr. Google Analytics).<\/li><li style=\"font-weight: 400;\" aria-level=\"1\">Marketin\u0161ki kola\u010di\u0107i \u2013 omogu\u0107avaju prikazivanje relevantnog ogla\u0161iva\u010dkog sadr\u017eaja na osnovu va\u0161ih interesovanja (npr. Facebook Pixel, YouTube, Instagram).<\/li><li style=\"font-weight: 400;\" aria-level=\"1\">Funkcionalni kola\u010di\u0107i \u2013 pamte va\u0161a pode\u0161avanja (npr. jezik, preferencije u vezi sa prikazom stranica).<\/li><\/ul><ol start=\"4\"><li><b> Va\u0161a saglasnost<\/b><\/li><\/ol><p><span style=\"font-weight: 400;\">Prilikom prve posete sajtu, tra\u017eimo va\u0161u saglasnost za kori\u0161\u0107enje kola\u010di\u0107a (osim onih koji su strogo neophodni). Imate mogu\u0107nost da u bilo kom trenutku promenite svoje opcije u pretra\u017eiva\u010du ili u pode\u0161avanjima saglasnosti prikazanim na sajtu. <\/span><\/p><ol start=\"5\"><li><b> Upravljanje kola\u010di\u0107ima<\/b><\/li><\/ol><p><span style=\"font-weight: 400;\">Mo\u017eete podesiti svoj pretra\u017eiva\u010d da blokira ili bri\u0161e kola\u010di\u0107e. Me\u0111utim, onemogu\u0107avanje neophodnih kola\u010di\u0107a mo\u017ee uticati na pravilan rad sajta. <\/span><\/p><p><span style=\"font-weight: 400;\">Korisna uputstva za pode\u0161avanja u zavisnosti od pretra\u017eiva\u010da mo\u017eete prona\u0107i ovde:<\/span><\/p><ul><li style=\"font-weight: 400;\" aria-level=\"1\"><span style=\"font-weight: 400;\">Google Chrome<\/span><\/li><li style=\"font-weight: 400;\" aria-level=\"1\"><a href=\"https:\/\/support.mozilla.org\/ro\/kb\/activarea-si-dezactivarea-cookie-urilor\"><span style=\"font-weight: 400;\">Mozilla Firefox<\/span><\/a><\/li><li style=\"font-weight: 400;\" aria-level=\"1\"><a href=\"https:\/\/support.microsoft.com\/ro-ro\/help\/4027947\/microsoft-edge-delete-cookies\"><span style=\"font-weight: 400;\">Microsoft Edge<\/span><\/a><\/li><li style=\"font-weight: 400;\" aria-level=\"1\"><a href=\"https:\/\/support.apple.com\/ro-ro\/guide\/safari\/sfri11471\/mac\"><span style=\"font-weight: 400;\">Safari<\/span><\/a><\/li><\/ul><ol start=\"6\"><li><b> Kola\u010di\u0107i i li\u010dni podaci<\/b><\/li><\/ol><p><span style=\"font-weight: 400;\">Kola\u010di\u0107i ne prikupljaju direktno li\u010dne podatke. Kada se ovi podaci indirektno povezuju (npr. sa IP adresom ili pona\u0161anjem na mre\u017ei), obra\u0111ujemo ih u skladu sa Uredbom (EU) 2016\/679 (GDPR) i [Politikom privatnosti Astenor.ro]. <\/span><\/p><ol start=\"7\"><li><b> A\u017euriranja<\/b><\/li><\/ol><p><span style=\"font-weight: 400;\">Ova politika se periodi\u010dno revidira kako bi odra\u017eavala zakonske ili tehnolo\u0161ke promene. Poslednje a\u017euriranje:  <\/span>3. jun 2025.<\/p>\t\t\t\t\t\t\t\t<\/div>\n\t\t\t\t<\/div>\n\t\t\t\t\t<\/div>\n\t\t\t\t<\/div>\n\t\t\t\t<\/div>\n\t\t","protected":false},"excerpt":{"rendered":"<p>\u0160ta su kola\u010di\u0107i? Kola\u010di\u0107i su male tekstualne datoteke koje se \u010duvaju na va\u0161em ure\u0111aju (ra\u010dunaru, mobilnom telefonu, tabletu) kada posetite na\u0161 sajt. Ove datoteke omogu\u0107avaju prepoznavanje ure\u0111aja i pobolj\u0161avaju funkcionalnost sajta, bez pristupa informacijama u va\u0161em sistemu ili instaliranja softvera. Za\u0161to koristimo kola\u010di\u0107e? Kola\u010di\u0107e koristimo da bismo: osigurali pravilan rad veb-sajta Astenor.ro; analizirali pona\u0161anje posetilaca [&hellip;]<\/p>\n","protected":false},"author":1,"featured_media":0,"parent":0,"menu_order":0,"comment_status":"closed","ping_status":"closed","template":"","meta":{"footnotes":""},"class_list":["post-2153","page","type-page","status-publish","hentry"],"_links":{"self":[{"href":"https:\/\/astenor.eu\/sr\/wp-json\/wp\/v2\/pages\/2153","targetHints":{"allow":["GET"]}}],"collection":[{"href":"https:\/\/astenor.eu\/sr\/wp-json\/wp\/v2\/pages"}],"about":[{"href":"https:\/\/astenor.eu\/sr\/wp-json\/wp\/v2\/types\/page"}],"author":[{"embeddable":true,"href":"https:\/\/astenor.eu\/sr\/wp-json\/wp\/v2\/users\/1"}],"replies":[{"embeddable":true,"href":"https:\/\/astenor.eu\/sr\/wp-json\/wp\/v2\/comments?post=2153"}],"version-history":[{"count":1,"href":"https:\/\/astenor.eu\/sr\/wp-json\/wp\/v2\/pages\/2153\/revisions"}],"predecessor-version":[{"id":2154,"href":"https:\/\/astenor.eu\/sr\/wp-json\/wp\/v2\/pages\/2153\/revisions\/2154"}],"wp:attachment":[{"href":"https:\/\/astenor.eu\/sr\/wp-json\/wp\/v2\/media?parent=2153"}],"curies":[{"name":"wp","href":"https:\/\/api.w.org\/{rel}","templated":true}]}}