{"id":2149,"date":"2025-04-16T06:20:17","date_gmt":"2025-04-16T06:20:17","guid":{"rendered":"https:\/\/astenor.eu\/astenor-kviz\/"},"modified":"2025-12-17T14:33:16","modified_gmt":"2025-12-17T14:33:16","slug":"astenor-kviz","status":"publish","type":"page","link":"https:\/\/astenor.eu\/sr\/astenor-kviz\/","title":{"rendered":"Astenor kviz"},"content":{"rendered":"\t\t<div data-elementor-type=\"wp-page\" data-elementor-id=\"2149\" class=\"elementor elementor-2149 elementor-195\" data-elementor-post-type=\"page\">\n\t\t\t\t<div class=\"elementor-element elementor-element-085b049 e-flex e-con-boxed e-con e-parent\" data-id=\"085b049\" data-element_type=\"container\" id=\"astenor_quiz_container\">\n\t\t\t\t\t<div class=\"e-con-inner\">\n\t\t<div class=\"elementor-element elementor-element-4ba6bc2 e-con-full e-flex e-con e-child\" data-id=\"4ba6bc2\" data-element_type=\"container\">\n\t\t\t\t<div class=\"elementor-element elementor-element-13d8bd4 elementor-button-align-center elementor-widget elementor-widget-form\" data-id=\"13d8bd4\" data-element_type=\"widget\" data-settings=\"{&quot;step_next_label&quot;:&quot;Slede\\u0107e&quot;,&quot;step_previous_label&quot;:&quot;Nazad&quot;,&quot;step_icon_shape&quot;:&quot;rounded&quot;,&quot;button_width&quot;:&quot;100&quot;,&quot;step_type&quot;:&quot;number_text&quot;}\" data-widget_type=\"form.default\">\n\t\t\t\t<div class=\"elementor-widget-container\">\n\t\t\t\t\t\t\t<form class=\"elementor-form\" method=\"post\" id=\"astenor_quiz\" name=\"Novi obrazac\" aria-label=\"Novi obrazac\">\n\t\t\t<input type=\"hidden\" name=\"post_id\" value=\"2149\"\/>\n\t\t\t<input type=\"hidden\" name=\"form_id\" value=\"13d8bd4\"\/>\n\t\t\t<input type=\"hidden\" name=\"referer_title\" value=\"\" \/>\n\n\t\t\t\n\t\t\t<div class=\"elementor-form-fields-wrapper elementor-labels-above\">\n\t\t\t\t\t\t\t\t<div class=\"elementor-field-type-step elementor-field-group elementor-column elementor-field-group-field_0dbc3c2 elementor-col-100\">\n\t\t\t\t\t\t\t<div class=\"e-field-step elementor-hidden\" data-label=\"\" data-previousButton=\"\" data-nextButton=\"\" data-iconUrl=\"\" data-iconLibrary=\"fas fa-star\" data-icon=\"\" ><\/div>\n\n\t\t\t\t\t\t<\/div>\n\t\t\t\t\t\t\t\t<div class=\"elementor-field-type-html elementor-field-group elementor-column elementor-field-group-field_e95df0a elementor-col-100\">\n\t\t\t\t\tKoliko \u010desto se ose\u0107ate umorno tokom dana?\n\t\t\t\t<\/div>\n\t\t\t\t\t\t\t\t<div class=\"elementor-field-type-radio elementor-field-group elementor-column elementor-field-group-astenor_asnwers_q1 elementor-col-100 elementor-field-required\">\n\t\t\t\t\t<div class=\"elementor-field-subgroup  \"><span class=\"elementor-field-option\"><input type=\"radio\" value=\"a\" id=\"form-field-astenor_asnwers_q1-0\" name=\"form_fields[astenor_asnwers_q1]\" required=\"required\"> <label for=\"form-field-astenor_asnwers_q1-0\">A. Veoma retko<\/label><\/span><span class=\"elementor-field-option\"><input type=\"radio\" value=\"b\" id=\"form-field-astenor_asnwers_q1-1\" name=\"form_fields[astenor_asnwers_q1]\" required=\"required\"> <label for=\"form-field-astenor_asnwers_q1-1\">B. Ponekad<\/label><\/span><span class=\"elementor-field-option\"><input type=\"radio\" value=\"c\" id=\"form-field-astenor_asnwers_q1-2\" name=\"form_fields[astenor_asnwers_q1]\" required=\"required\"> <label for=\"form-field-astenor_asnwers_q1-2\">C. \u010cesto<\/label><\/span><span class=\"elementor-field-option\"><input type=\"radio\" value=\"d\" id=\"form-field-astenor_asnwers_q1-3\" name=\"form_fields[astenor_asnwers_q1]\" required=\"required\"> <label for=\"form-field-astenor_asnwers_q1-3\">D. Skoro sve vreme<\/label><\/span><\/div>\t\t\t\t<\/div>\n\t\t\t\t\t\t\t\t<div class=\"elementor-field-type-hidden elementor-field-group elementor-column elementor-field-group-astenor_q1 elementor-col-100\">\n\t\t\t\t\t\t\t\t\t\t\t\t\t<input size=\"1\" type=\"hidden\" name=\"form_fields[astenor_q1]\" id=\"form-field-astenor_q1\" class=\"elementor-field elementor-size-sm  elementor-field-textual\">\n\t\t\t\t\t\t\t\t\t\t\t<\/div>\n\t\t\t\t\t\t\t\t<div class=\"elementor-field-type-step elementor-field-group elementor-column elementor-field-group-field_b7aeb33 elementor-col-100\">\n\t\t\t\t\t\t\t<div class=\"e-field-step elementor-hidden\" data-label=\"\" data-previousButton=\"\" data-nextButton=\"\" data-iconUrl=\"\" data-iconLibrary=\"fas fa-star\" data-icon=\"\" ><\/div>\n\n\t\t\t\t\t\t<\/div>\n\t\t\t\t\t\t\t\t<div class=\"elementor-field-type-html elementor-field-group elementor-column elementor-field-group-field_51f0f7c elementor-col-100\">\n\t\t\t\t\tKako biste opisali kvalitet va\u0161eg sna?\n\t\t\t\t<\/div>\n\t\t\t\t\t\t\t\t<div class=\"elementor-field-type-radio elementor-field-group elementor-column elementor-field-group-astenor_asnwers_q2 elementor-col-100 elementor-field-required\">\n\t\t\t\t\t<div class=\"elementor-field-subgroup  \"><span class=\"elementor-field-option\"><input type=\"radio\" value=\"a&lt;br&gt;B. Dobar, ali ponekad imam pote\u0161ko\u0107e\" id=\"form-field-astenor_asnwers_q2-0\" name=\"form_fields[astenor_asnwers_q2]\" required=\"required\"> <label for=\"form-field-astenor_asnwers_q2-0\">A. Odli\u010dan, ose\u0107am se odmorno<\/label><\/span><\/div>\t\t\t\t<\/div>\n\t\t\t\t\t\t\t\t<div class=\"elementor-field-type-hidden elementor-field-group elementor-column elementor-field-group-astenor_q2 elementor-col-100\">\n\t\t\t\t\t\t\t\t\t\t\t\t\t<input size=\"1\" type=\"hidden\" name=\"form_fields[astenor_q2]\" id=\"form-field-astenor_q2\" class=\"elementor-field elementor-size-sm  elementor-field-textual\">\n\t\t\t\t\t\t\t\t\t\t\t<\/div>\n\t\t\t\t\t\t\t\t<div class=\"elementor-field-type-step elementor-field-group elementor-column elementor-field-group-field_633ec32 elementor-col-100\">\n\t\t\t\t\t\t\t<div class=\"e-field-step elementor-hidden\" data-label=\"\" data-previousButton=\"\" data-nextButton=\"\" data-iconUrl=\"\" data-iconLibrary=\"fas fa-star\" data-icon=\"\" ><\/div>\n\n\t\t\t\t\t\t<\/div>\n\t\t\t\t\t\t\t\t<div class=\"elementor-field-type-html elementor-field-group elementor-column elementor-field-group-field_d969440 elementor-col-100\">\n\t\t\t\t\tDa li ste nedavno pro\u0161li kroz period rekonvalescencije ili fizi\u010dkog oporavka?\t\t\t\t<\/div>\n\t\t\t\t\t\t\t\t<div class=\"elementor-field-type-radio elementor-field-group elementor-column elementor-field-group-astenor_asnwers_q3 elementor-col-100 elementor-field-required\">\n\t\t\t\t\t<div class=\"elementor-field-subgroup  \"><span class=\"elementor-field-option\"><input type=\"radio\" value=\"a&lt;br&gt;B. Da, ali sada se ose\u0107am bolje\" id=\"form-field-astenor_asnwers_q3-0\" name=\"form_fields[astenor_asnwers_q3]\" required=\"required\"> <label for=\"form-field-astenor_asnwers_q3-0\">A. Ne<\/label><\/span><\/div>\t\t\t\t<\/div>\n\t\t\t\t\t\t\t\t<div class=\"elementor-field-type-hidden elementor-field-group elementor-column elementor-field-group-astenor_q3 elementor-col-100\">\n\t\t\t\t\t\t\t\t\t\t\t\t\t<input size=\"1\" type=\"hidden\" name=\"form_fields[astenor_q3]\" id=\"form-field-astenor_q3\" class=\"elementor-field elementor-size-sm  elementor-field-textual\">\n\t\t\t\t\t\t\t\t\t\t\t<\/div>\n\t\t\t\t\t\t\t\t<div class=\"elementor-field-type-step elementor-field-group elementor-column elementor-field-group-field_5c076e0 elementor-col-100\">\n\t\t\t\t\t\t\t<div class=\"e-field-step elementor-hidden\" data-label=\"\" data-previousButton=\"\" data-nextButton=\"\" data-iconUrl=\"\" data-iconLibrary=\"fas fa-star\" data-icon=\"\" ><\/div>\n\n\t\t\t\t\t\t<\/div>\n\t\t\t\t\t\t\t\t<div class=\"elementor-field-type-html elementor-field-group elementor-column elementor-field-group-field_a0aa2ef elementor-col-100\">\n\t\t\t\t\tDa li ose\u0107ate da vam je potreban dodatni podsticaj energije za svakodnevne aktivnosti?\t\t\t\t<\/div>\n\t\t\t\t\t\t\t\t<div class=\"elementor-field-type-radio elementor-field-group elementor-column elementor-field-group-astenor_asnwers_q4 elementor-col-100 elementor-field-required\">\n\t\t\t\t\t<div class=\"elementor-field-subgroup  \"><span class=\"elementor-field-option\"><input type=\"radio\" value=\"a&lt;br&gt;B. Samo u zahtevnijim trenucima\" id=\"form-field-astenor_asnwers_q4-0\" name=\"form_fields[astenor_asnwers_q4]\" required=\"required\"> <label for=\"form-field-astenor_asnwers_q4-0\">A. Ne, dobro se snalazim<\/label><\/span><\/div>\t\t\t\t<\/div>\n\t\t\t\t\t\t\t\t<div class=\"elementor-field-type-hidden elementor-field-group elementor-column elementor-field-group-astenor_q4 elementor-col-100\">\n\t\t\t\t\t\t\t\t\t\t\t\t\t<input size=\"1\" type=\"hidden\" name=\"form_fields[astenor_q4]\" id=\"form-field-astenor_q4\" class=\"elementor-field elementor-size-sm  elementor-field-textual\">\n\t\t\t\t\t\t\t\t\t\t\t<\/div>\n\t\t\t\t\t\t\t\t<div class=\"elementor-field-type-step elementor-field-group elementor-column elementor-field-group-field_08066ec elementor-col-100\">\n\t\t\t\t\t\t\t<div class=\"e-field-step elementor-hidden\" data-label=\"\" data-previousButton=\"\" data-nextButton=\"\" data-iconUrl=\"\" data-iconLibrary=\"fas fa-star\" data-icon=\"\" ><\/div>\n\n\t\t\t\t\t\t<\/div>\n\t\t\t\t\t\t\t\t<div class=\"elementor-field-type-html elementor-field-group elementor-column elementor-field-group-field_532cb2c elementor-col-100\">\n\t\t\t\t\tKako biste opisali svoju ishranu?\t\t\t\t<\/div>\n\t\t\t\t\t\t\t\t<div class=\"elementor-field-type-radio elementor-field-group elementor-column elementor-field-group-astenor_asnwers_q5 elementor-col-100 elementor-field-required\">\n\t\t\t\t\t<div class=\"elementor-field-subgroup  \"><span class=\"elementor-field-option\"><input type=\"radio\" value=\"a&lt;br&gt;B. Relativ zdrava, ali sa nekim nedostacima\" id=\"form-field-astenor_asnwers_q5-0\" name=\"form_fields[astenor_asnwers_q5]\" required=\"required\"> <label for=\"form-field-astenor_asnwers_q5-0\">A. Uravnote\u017eena, sa dovoljno vitamina i minerala<\/label><\/span><\/div>\t\t\t\t<\/div>\n\t\t\t\t\t\t\t\t<div class=\"elementor-field-type-hidden elementor-field-group elementor-column elementor-field-group-astenor_q5 elementor-col-100\">\n\t\t\t\t\t\t\t\t\t\t\t\t\t<input size=\"1\" type=\"hidden\" name=\"form_fields[astenor_q5]\" id=\"form-field-astenor_q5\" class=\"elementor-field elementor-size-sm  elementor-field-textual\">\n\t\t\t\t\t\t\t\t\t\t\t<\/div>\n\t\t\t\t\t\t\t\t<div class=\"elementor-field-type-step elementor-field-group elementor-column elementor-field-group-field_5aebb89 elementor-col-100\">\n\t\t\t\t\t\t\t<div class=\"e-field-step elementor-hidden\" data-label=\"\" data-previousButton=\"\" data-nextButton=\"\" data-iconUrl=\"\" data-iconLibrary=\"fas fa-star\" data-icon=\"\" ><\/div>\n\n\t\t\t\t\t\t<\/div>\n\t\t\t\t\t\t\t\t<div class=\"elementor-field-type-html elementor-field-group elementor-column elementor-field-group-field_98ab3d0 elementor-col-100\">\n\t\t\t\t\tParticipi frecvent la activit\u0103\u021bi fizice intense?\t\t\t\t<\/div>\n\t\t\t\t\t\t\t\t<div class=\"elementor-field-type-radio elementor-field-group elementor-column elementor-field-group-astenor_asnwers_q6 elementor-col-100 elementor-field-required\">\n\t\t\t\t\t<div class=\"elementor-field-subgroup  \"><span class=\"elementor-field-option\"><input type=\"radio\" value=\"a&lt;br&gt;B. Povremeno\" id=\"form-field-astenor_asnwers_q6-0\" name=\"form_fields[astenor_asnwers_q6]\" required=\"required\"> <label for=\"form-field-astenor_asnwers_q6-0\">A. Da, imam aktivan stil \u017eivota<\/label><\/span><\/div>\t\t\t\t<\/div>\n\t\t\t\t\t\t\t\t<div class=\"elementor-field-type-hidden elementor-field-group elementor-column elementor-field-group-astenor_q6 elementor-col-100\">\n\t\t\t\t\t\t\t\t\t\t\t\t\t<input size=\"1\" type=\"hidden\" name=\"form_fields[astenor_q6]\" id=\"form-field-astenor_q6\" class=\"elementor-field elementor-size-sm  elementor-field-textual\">\n\t\t\t\t\t\t\t\t\t\t\t<\/div>\n\t\t\t\t\t\t\t\t<div class=\"elementor-field-group elementor-column elementor-field-type-submit elementor-col-100 e-form__buttons\">\n\t\t\t\t\t<button class=\"elementor-button elementor-size-sm\" type=\"submit\">\n\t\t\t\t\t\t<span class=\"elementor-button-content-wrapper\">\n\t\t\t\t\t\t\t\t\t\t\t\t\t\t\t\t\t\t\t\t\t\t<span class=\"elementor-button-text\">Pogledaj rezultat<\/span>\n\t\t\t\t\t\t\t\t\t\t\t\t\t<\/span>\n\t\t\t\t\t<\/button>\n\t\t\t\t<\/div>\n\t\t\t<\/div>\n\t\t<\/form>\n\t\t\t\t\t\t<\/div>\n\t\t\t\t<\/div>\n\t\t\t\t<\/div>\n\t\t<div class=\"elementor-element elementor-element-984fa3a e-con-full e-flex e-con e-child\" data-id=\"984fa3a\" data-element_type=\"container\" data-settings=\"{&quot;background_background&quot;:&quot;classic&quot;}\">\n\t\t\t\t<\/div>\n\t\t\t\t\t<\/div>\n\t\t\t\t<\/div>\n\t\t<div class=\"elementor-element elementor-element-a84573c e-flex e-con-boxed e-con e-parent\" data-id=\"a84573c\" data-element_type=\"container\" id=\"astenor_answer_a\">\n\t\t\t\t\t<div class=\"e-con-inner\">\n\t\t\t\t<div class=\"elementor-element elementor-element-0e6a7f8 elementor-widget elementor-widget-text-editor\" data-id=\"0e6a7f8\" data-element_type=\"widget\" data-widget_type=\"text-editor.default\">\n\t\t\t\t<div class=\"elementor-widget-container\">\n\t\t\t\t\t\t\t\t\t<p>\u010cestitamo! Izgleda da imate dobro zdravstveno stanje.<\/p><p><span style=\"font-weight: 400;\">Ako vam je potreban podsticaj energije za posebne trenutke, mo\u017eete probati Astenor Energy za brzi plus.<\/span><\/p>\t\t\t\t\t\t\t\t<\/div>\n\t\t\t\t<\/div>\n\t\t\t\t<div class=\"elementor-element elementor-element-07fa104 elementor-widget elementor-widget-image\" data-id=\"07fa104\" data-element_type=\"widget\" data-widget_type=\"image.default\">\n\t\t\t\t<div class=\"elementor-widget-container\">\n\t\t\t\t\t\t\t\t\t\t\t\t\t\t\t<img fetchpriority=\"high\" decoding=\"async\" width=\"326\" height=\"246\" src=\"https:\/\/astenor.eu\/wp-content\/uploads\/2025\/04\/Astenor-energy.png\" class=\"attachment-large size-large wp-image-1441\" alt=\"\" srcset=\"https:\/\/astenor.eu\/wp-content\/uploads\/2025\/04\/Astenor-energy.png 326w, https:\/\/astenor.eu\/wp-content\/uploads\/2025\/04\/Astenor-energy-300x226.png 300w\" sizes=\"(max-width: 326px) 100vw, 326px\" \/>\t\t\t\t\t\t\t\t\t\t\t\t\t\t\t<\/div>\n\t\t\t\t<\/div>\n\t\t\t\t\t<\/div>\n\t\t\t\t<\/div>\n\t\t<div class=\"elementor-element elementor-element-7436617 e-flex e-con-boxed e-con e-parent\" data-id=\"7436617\" data-element_type=\"container\" id=\"astenor_answer_b\">\n\t\t\t\t\t<div class=\"e-con-inner\">\n\t\t\t\t<div class=\"elementor-element elementor-element-e043f69 elementor-widget elementor-widget-text-editor\" data-id=\"e043f69\" data-element_type=\"widget\" data-widget_type=\"text-editor.default\">\n\t\t\t\t<div class=\"elementor-widget-container\">\n\t\t\t\t\t\t\t\t\t<p>Imate aktivan stil \u017eivota, ali ponekad vam je potrebna podr\u0161ka.<\/p><p><span style=\"font-weight: 400;\"> Astenor Forte je idealan za oporavak i za zahtevnije periode.<\/span><\/p>\t\t\t\t\t\t\t\t<\/div>\n\t\t\t\t<\/div>\n\t\t\t\t<div class=\"elementor-element elementor-element-4d1b93b elementor-widget elementor-widget-image\" data-id=\"4d1b93b\" data-element_type=\"widget\" data-widget_type=\"image.default\">\n\t\t\t\t<div class=\"elementor-widget-container\">\n\t\t\t\t\t\t\t\t\t\t\t\t\t\t\t<img decoding=\"async\" width=\"344\" height=\"220\" src=\"https:\/\/astenor.eu\/wp-content\/uploads\/2025\/04\/Astenor-forte.png\" class=\"attachment-large size-large wp-image-1444\" alt=\"\" srcset=\"https:\/\/astenor.eu\/wp-content\/uploads\/2025\/04\/Astenor-forte.png 344w, https:\/\/astenor.eu\/wp-content\/uploads\/2025\/04\/Astenor-forte-300x192.png 300w\" sizes=\"(max-width: 344px) 100vw, 344px\" \/>\t\t\t\t\t\t\t\t\t\t\t\t\t\t\t<\/div>\n\t\t\t\t<\/div>\n\t\t\t\t\t<\/div>\n\t\t\t\t<\/div>\n\t\t<div class=\"elementor-element elementor-element-caf7eb8 e-flex e-con-boxed e-con e-parent\" data-id=\"caf7eb8\" data-element_type=\"container\" id=\"astenor_answer_c\">\n\t\t\t\t\t<div class=\"e-con-inner\">\n\t\t\t\t<div class=\"elementor-element elementor-element-1f95671 elementor-widget elementor-widget-text-editor\" data-id=\"1f95671\" data-element_type=\"widget\" data-widget_type=\"text-editor.default\">\n\t\t\t\t<div class=\"elementor-widget-container\">\n\t\t\t\t\t\t\t\t\t<p>Mogu\u0107e je da se suo\u010davate sa umerenim umorom ili pote\u0161ko\u0107ama u prilago\u0111avanju.<\/p><p><span style=\"font-weight: 400;\">Astenor Perform vam mo\u017ee pru\u017eiti podr\u0161ku za pobolj\u0161anje fizi\u010dkih i intelektualnih performansi.<\/span><\/p>\t\t\t\t\t\t\t\t<\/div>\n\t\t\t\t<\/div>\n\t\t\t\t<div class=\"elementor-element elementor-element-73503b4 elementor-widget elementor-widget-image\" data-id=\"73503b4\" data-element_type=\"widget\" data-widget_type=\"image.default\">\n\t\t\t\t<div class=\"elementor-widget-container\">\n\t\t\t\t\t\t\t\t\t\t\t\t\t\t\t<img decoding=\"async\" width=\"427\" height=\"217\" src=\"https:\/\/astenor.eu\/wp-content\/uploads\/2025\/04\/Astenor-perform.png\" class=\"attachment-large size-large wp-image-1447\" alt=\"\" srcset=\"https:\/\/astenor.eu\/wp-content\/uploads\/2025\/04\/Astenor-perform.png 427w, https:\/\/astenor.eu\/wp-content\/uploads\/2025\/04\/Astenor-perform-300x152.png 300w\" sizes=\"(max-width: 427px) 100vw, 427px\" \/>\t\t\t\t\t\t\t\t\t\t\t\t\t\t\t<\/div>\n\t\t\t\t<\/div>\n\t\t\t\t\t<\/div>\n\t\t\t\t<\/div>\n\t\t<div class=\"elementor-element elementor-element-cb7b312 e-flex e-con-boxed e-con e-parent\" data-id=\"cb7b312\" data-element_type=\"container\" id=\"astenor_answer_d\">\n\t\t\t\t\t<div class=\"e-con-inner\">\n\t\t\t\t<div class=\"elementor-element elementor-element-ba495db elementor-widget elementor-widget-text-editor\" data-id=\"ba495db\" data-element_type=\"widget\" data-widget_type=\"text-editor.default\">\n\t\t\t\t<div class=\"elementor-widget-container\">\n\t\t\t\t\t\t\t\t\t<p>Konstantan umor mo\u017ee ukazivati na potrebu za dodatnom pomo\u0107i.<\/p><p><span style=\"font-weight: 400;\">Astenor Forte mo\u017ee vam pomo\u0107i da povratite energiju, posebno ako ste pro\u0161li kroz te\u0161ke periode.<\/span><\/p>\t\t\t\t\t\t\t\t<\/div>\n\t\t\t\t<\/div>\n\t\t\t\t<div class=\"elementor-element elementor-element-a4a445a elementor-widget elementor-widget-image\" data-id=\"a4a445a\" data-element_type=\"widget\" data-widget_type=\"image.default\">\n\t\t\t\t<div class=\"elementor-widget-container\">\n\t\t\t\t\t\t\t\t\t\t\t\t\t\t\t<img decoding=\"async\" width=\"344\" height=\"220\" src=\"https:\/\/astenor.eu\/wp-content\/uploads\/2025\/04\/Astenor-forte.png\" class=\"attachment-large size-large wp-image-1444\" alt=\"\" srcset=\"https:\/\/astenor.eu\/wp-content\/uploads\/2025\/04\/Astenor-forte.png 344w, https:\/\/astenor.eu\/wp-content\/uploads\/2025\/04\/Astenor-forte-300x192.png 300w\" sizes=\"(max-width: 344px) 100vw, 344px\" \/>\t\t\t\t\t\t\t\t\t\t\t\t\t\t\t<\/div>\n\t\t\t\t<\/div>\n\t\t\t\t\t<\/div>\n\t\t\t\t<\/div>\n\t\t<div class=\"elementor-element elementor-element-76b4682 e-flex e-con-boxed e-con e-parent\" data-id=\"76b4682\" data-element_type=\"container\">\n\t\t\t\t\t<div class=\"e-con-inner\">\n\t\t\t\t<div class=\"elementor-element elementor-element-16fc34f elementor-widget elementor-widget-html\" data-id=\"16fc34f\" data-element_type=\"widget\" data-widget_type=\"html.default\">\n\t\t\t\t<div class=\"elementor-widget-container\">\n\t\t\t\t\t<script>jQuery(document).ready(function($){\n        \/\/q1\n        $(\".elementor-field-group-astenor_asnwers_q1 .elementor-field-option\").on(\"click\", function(){\n            let answer = $(this).children(\"input\").val();\n            $(\"#form-field-astenor_q1\").val(answer)\n        })\n        \n        \/\/q2\n        $(\".elementor-field-group-astenor_asnwers_q2 .elementor-field-option\").on(\"click\", function(){\n            let answer = $(this).children(\"input\").val();\n            $(\"#form-field-astenor_q2\").val(answer)\n        })\n        \n        \/\/q3\n        $(\".elementor-field-group-astenor_asnwers_q3 .elementor-field-option\").on(\"click\", function(){\n            let answer = $(this).children(\"input\").val();\n            $(\"#form-field-astenor_q3\").val(answer)\n        })\n        \n        \/\/q4\n        $(\".elementor-field-group-astenor_asnwers_q4 .elementor-field-option\").on(\"click\", function(){\n            let answer = $(this).children(\"input\").val();\n            $(\"#form-field-astenor_q4\").val(answer)\n        })\n        \n        \/\/q5\n        $(\".elementor-field-group-astenor_asnwers_q5 .elementor-field-option\").on(\"click\", function(){\n            let answer = $(this).children(\"input\").val();\n            $(\"#form-field-astenor_q5\").val(answer)\n        })\n        \n        \/\/q6\n        $(\".elementor-field-group-astenor_asnwers_q6 .elementor-field-option\").on(\"click\", function(){\n            let answer = $(this).children(\"input\").val();\n            $(\"#form-field-astenor_q6\").val(answer)\n        })\n        \n        $(\"button[type='submit']\").on(\"click\", function(){\n            \n            if (!$(\"#form-field-astenor_q6\").val()){\n                return;\n            }\n            \n            let answerFields = $(\"#astenor_quiz input[type='hidden']\");\n            \n            let a = 0; \n            let b = 0; \n            let c = 0;\n            let d = 0;\n            \n            answerFields.each(function(i){\n                switch(answerFields.eq(i).val()){\n                    case \"a\":\n                        a++;\n                        break;\n                    case \"b\":\n                        b++;\n                        break;\n                    case \"c\":\n                        c++;\n                        break;\n                    case \"d\":\n                        d++;\n                        break;\n                }\n            })\n            \n            let A = { a, b, c, d };\n            \n            let mostAnswers = Object.keys(A).reduce((prev, cur) => A[prev] > A[cur] ? prev : cur);\n            \n            $(\"#astenor_quiz_container\").hide();\n            \n            console.log(mostAnswers)\n            \n            switch(mostAnswers){\n                case \"a\":\n                    $(\"#astenor_answer_a\").show();\n                    break;\n                case \"b\":\n                    $(\"#astenor_answer_b\").show();\n                    break;\n                case \"c\":\n                    $(\"#astenor_answer_c\").show();\n                    break;\n                case \"d\":\n                    $(\"#astenor_answer_d\").show();\n                    break;\n            }\n        })\n    })\n<\/script>\t\t\t\t<\/div>\n\t\t\t\t<\/div>\n\t\t\t\t\t<\/div>\n\t\t\t\t<\/div>\n\t\t\t\t<\/div>\n\t\t","protected":false},"excerpt":{"rendered":"<p>\u010cestitamo! Izgleda da imate dobro zdravstveno stanje. Ako vam je potreban podsticaj energije za posebne trenutke, mo\u017eete probati Astenor Energy za brzi plus. Imate aktivan stil \u017eivota, ali ponekad vam je potrebna podr\u0161ka. Astenor Forte je idealan za oporavak i za zahtevnije periode. Mogu\u0107e je da se suo\u010davate sa umerenim umorom ili pote\u0161ko\u0107ama u prilago\u0111avanju. [&hellip;]<\/p>\n","protected":false},"author":1,"featured_media":0,"parent":0,"menu_order":0,"comment_status":"closed","ping_status":"closed","template":"","meta":{"footnotes":""},"class_list":["post-2149","page","type-page","status-publish","hentry"],"_links":{"self":[{"href":"https:\/\/astenor.eu\/sr\/wp-json\/wp\/v2\/pages\/2149","targetHints":{"allow":["GET"]}}],"collection":[{"href":"https:\/\/astenor.eu\/sr\/wp-json\/wp\/v2\/pages"}],"about":[{"href":"https:\/\/astenor.eu\/sr\/wp-json\/wp\/v2\/types\/page"}],"author":[{"embeddable":true,"href":"https:\/\/astenor.eu\/sr\/wp-json\/wp\/v2\/users\/1"}],"replies":[{"embeddable":true,"href":"https:\/\/astenor.eu\/sr\/wp-json\/wp\/v2\/comments?post=2149"}],"version-history":[{"count":1,"href":"https:\/\/astenor.eu\/sr\/wp-json\/wp\/v2\/pages\/2149\/revisions"}],"predecessor-version":[{"id":2150,"href":"https:\/\/astenor.eu\/sr\/wp-json\/wp\/v2\/pages\/2149\/revisions\/2150"}],"wp:attachment":[{"href":"https:\/\/astenor.eu\/sr\/wp-json\/wp\/v2\/media?parent=2149"}],"curies":[{"name":"wp","href":"https:\/\/api.w.org\/{rel}","templated":true}]}}