{"id":2147,"date":"2025-04-15T11:33:37","date_gmt":"2025-04-15T11:33:37","guid":{"rendered":"https:\/\/astenor.eu\/uslovi-i-odredbe\/"},"modified":"2025-12-17T14:06:55","modified_gmt":"2025-12-17T14:06:55","slug":"uslovi-i-odredbe","status":"publish","type":"page","link":"https:\/\/astenor.eu\/sr\/uslovi-i-odredbe\/","title":{"rendered":"Uslovi i odredbe"},"content":{"rendered":"\t\t<div data-elementor-type=\"wp-page\" data-elementor-id=\"2147\" class=\"elementor elementor-2147 elementor-41\" data-elementor-post-type=\"page\">\n\t\t\t\t<div class=\"elementor-element elementor-element-133ef91 e-flex e-con-boxed e-con e-parent\" data-id=\"133ef91\" data-element_type=\"container\">\n\t\t\t\t\t<div class=\"e-con-inner\">\n\t\t\t\t<div class=\"elementor-element elementor-element-2fbcd01 elementor-widget elementor-widget-heading\" data-id=\"2fbcd01\" data-element_type=\"widget\" data-widget_type=\"heading.default\">\n\t\t\t\t<div class=\"elementor-widget-container\">\n\t\t\t\t\t<h1 class=\"elementor-heading-title elementor-size-default\">Uslovi i odredbe<\/h1>\t\t\t\t<\/div>\n\t\t\t\t<\/div>\n\t\t\t\t<div class=\"elementor-element elementor-element-02bc9db elementor-widget elementor-widget-text-editor\" data-id=\"02bc9db\" data-element_type=\"widget\" data-widget_type=\"text-editor.default\">\n\t\t\t\t<div class=\"elementor-widget-container\">\n\t\t\t\t\t\t\t\t\t<p><b>Prihvatanje uslova<\/b><\/p><p><span style=\"font-weight: 400;\">Pristupanjem i kori\u0161\u0107enjem sajta Astenor.ro, izri\u010dito prihvatate Uslove i Odredbe kori\u0161\u0107enja. Ukoliko se ne sla\u017eete, molimo vas da ne koristite ovaj sajt. <\/span><\/p><p><b>Svrha sajta<\/b><\/p><p><span style=\"font-weight: 400;\">Sajt Astenor.ro je isklju\u010divo informativnog karaktera i ima za cilj pru\u017eanje op\u0161tih informacija o asortimanu proizvoda Astenor i o op\u0161tem blagostanju, energiji i podr\u0161ci zdravlju. Informacije ne zamenjuju medicinske preporuke i ne predstavljaju specijalisti\u010dke konsultacije. <\/span><\/p><p><b>Ograni\u010denje kori\u0161\u0107enja medicinskih informacija<\/b><\/p><p><span style=\"font-weight: 400;\">Informacije predstavljene na ovom sajtu ne predstavljaju i ne zamenjuju savete, dijagnozu ili tretman koje preporu\u010duje kvalifikovano medicinsko osoblje. Prikazani proizvodi mogu imati blagotvorne efekte u podr\u0161ci zdravlju, ali njihova upotreba mora biti u skladu sa savetima lekara koji vas le\u010di ili farmaceuta. <\/span><\/p><p><span style=\"font-weight: 400;\">Svaka odluka u vezi sa va\u0161im zdravljem mora biti doneta isklju\u010divo nakon lekarske konsultacije. Nemojte ignorisati ili odlagati lekarski pregled zbog informacija prona\u0111enih na ovom sajtu. <\/span><\/p><p><b>Autorska prava i intelektualna svojina<\/b><\/p><p><span style=\"font-weight: 400;\">Sav sadr\u017eaj sajta (tekstovi, slike, logotipi, grafi\u010dki elementi, dokumenti itd.) je vlasni\u0161tvo S.C. BIESSEN PHARMA S.R.L. ili njenih ovla\u0161\u0107enih partnera. Zabranjena je reprodukcija, distribucija, modifikacija, prikazivanje ili kori\u0161\u0107enje sadr\u017eaja u komercijalne svrhe bez prethodne pismene saglasnosti nosioca prava. <\/span><\/p><p><b>Kori\u0161\u0107enje sajta<\/b><\/p><p><span style=\"font-weight: 400;\">Sajt se mo\u017ee koristiti samo u li\u010dne, nekomercijalne svrhe. Svaka zloupotreba, kao \u0161to je masovno kopiranje, neovla\u0161\u0107ena distribucija ili kori\u0161\u0107enje u svrhe suprotne zakonu, strogo je zabranjena. <\/span><\/p><p><b>Ograni\u010denje odgovornosti<\/b><\/p><p><span style=\"font-weight: 400;\">S.C. BIESSEN PHARMA S.R.L. ula\u017ee napore da informacije budu ta\u010dne i a\u017eurirane. Ipak, ne mo\u017eemo garantovati potpuno odsustvo gre\u0161aka. Kori\u0161\u0107enje informacija je na odgovornost korisnika.  <\/span><\/p><p><span style=\"font-weight: 400;\">Sajt mo\u017ee sadr\u017eati linkove ka drugim eksternim veb stranicama, za koje S.C. BIESSEN PHARMA S.R.L. ne preuzima odgovornost u vezi sa sadr\u017eajem ili politikom privatnosti.<\/span><\/p><p><b>Za\u0161tita li\u010dnih podataka<\/b><\/p><p><span style=\"font-weight: 400;\">Popunjavanjem obrazaca dostupnih na sajtu ili interakcijom sa sekcijama Astenor.ro, saglasni ste da se va\u0161i podaci prikupljaju i obra\u0111uju u svrhe komunikacije, odgovora na zahteve, statisti\u010dkih analiza, i, kada je to primenljivo, informisanja o proizvodima ili kampanjama.<\/span><\/p><p><span style=\"font-weight: 400;\">Obrada podataka se vr\u0161i u skladu sa Uredbom (EU) 2016\/679 (GDPR), a korisnici u\u017eivaju sva prava data zakonom (pristup, ispravka, brisanje, ograni\u010denje, prigovor).<\/span><\/p><p><span style=\"font-weight: 400;\">Za vi\u0161e informacija, molimo vas da pogledate Politiku privatnosti i Politiku kola\u010di\u0107a.<\/span><\/p><p><b>A\u017euriranje uslova<\/b><\/p><p><span style=\"font-weight: 400;\">Ovi uslovi se mogu periodi\u010dno menjati. Preporu\u010dujemo vam da proveravate ovu stranicu kako biste bili u toku sa eventualnim a\u017euriranjima. <\/span><span style=\"font-weight: 400;\"><br><\/span><b>Ultima actualizare: 3 iunie 2025<\/b><\/p>\t\t\t\t\t\t\t\t<\/div>\n\t\t\t\t<\/div>\n\t\t\t\t\t<\/div>\n\t\t\t\t<\/div>\n\t\t\t\t<\/div>\n\t\t","protected":false},"excerpt":{"rendered":"<p>Prihvatanje uslova Pristupanjem i kori\u0161\u0107enjem sajta Astenor.ro, izri\u010dito prihvatate Uslove i Odredbe kori\u0161\u0107enja. Ukoliko se ne sla\u017eete, molimo vas da ne koristite ovaj sajt. Svrha sajta Sajt Astenor.ro je isklju\u010divo informativnog karaktera i ima za cilj pru\u017eanje op\u0161tih informacija o asortimanu proizvoda Astenor i o op\u0161tem blagostanju, energiji i podr\u0161ci zdravlju. Informacije ne zamenjuju medicinske [&hellip;]<\/p>\n","protected":false},"author":1,"featured_media":0,"parent":0,"menu_order":0,"comment_status":"closed","ping_status":"closed","template":"","meta":{"footnotes":""},"class_list":["post-2147","page","type-page","status-publish","hentry"],"_links":{"self":[{"href":"https:\/\/astenor.eu\/sr\/wp-json\/wp\/v2\/pages\/2147","targetHints":{"allow":["GET"]}}],"collection":[{"href":"https:\/\/astenor.eu\/sr\/wp-json\/wp\/v2\/pages"}],"about":[{"href":"https:\/\/astenor.eu\/sr\/wp-json\/wp\/v2\/types\/page"}],"author":[{"embeddable":true,"href":"https:\/\/astenor.eu\/sr\/wp-json\/wp\/v2\/users\/1"}],"replies":[{"embeddable":true,"href":"https:\/\/astenor.eu\/sr\/wp-json\/wp\/v2\/comments?post=2147"}],"version-history":[{"count":1,"href":"https:\/\/astenor.eu\/sr\/wp-json\/wp\/v2\/pages\/2147\/revisions"}],"predecessor-version":[{"id":2148,"href":"https:\/\/astenor.eu\/sr\/wp-json\/wp\/v2\/pages\/2147\/revisions\/2148"}],"wp:attachment":[{"href":"https:\/\/astenor.eu\/sr\/wp-json\/wp\/v2\/media?parent=2147"}],"curies":[{"name":"wp","href":"https:\/\/api.w.org\/{rel}","templated":true}]}}