{"id":2141,"date":"2025-04-15T11:31:56","date_gmt":"2025-04-15T11:31:56","guid":{"rendered":"https:\/\/astenor.eu\/contact\/"},"modified":"2025-12-16T14:38:01","modified_gmt":"2025-12-16T14:38:01","slug":"contact","status":"publish","type":"page","link":"https:\/\/astenor.eu\/sr\/contact\/","title":{"rendered":"Contact"},"content":{"rendered":"\t\t<div data-elementor-type=\"wp-page\" data-elementor-id=\"2141\" class=\"elementor elementor-2141 elementor-37\" data-elementor-post-type=\"page\">\n\t\t\t\t<div class=\"elementor-element elementor-element-a0b3eef e-flex e-con-boxed e-con e-parent\" data-id=\"a0b3eef\" data-element_type=\"container\">\n\t\t\t\t\t<div class=\"e-con-inner\">\n\t\t\t\t<div class=\"elementor-element elementor-element-95231a7 elementor-widget elementor-widget-heading\" data-id=\"95231a7\" data-element_type=\"widget\" data-widget_type=\"heading.default\">\n\t\t\t\t<div class=\"elementor-widget-container\">\n\t\t\t\t\t<h1 class=\"elementor-heading-title elementor-size-default\">Zajedno smo<\/h1>\t\t\t\t<\/div>\n\t\t\t\t<\/div>\n\t\t\t\t<div class=\"elementor-element elementor-element-888e5e4 elementor-widget elementor-widget-text-editor\" data-id=\"888e5e4\" data-element_type=\"widget\" data-widget_type=\"text-editor.default\">\n\t\t\t\t<div class=\"elementor-widget-container\">\n\t\t\t\t\t\t\t\t\t<p>Zajedno osloba\u0111amo svu energiju koja vam je potrebna<\/p>\t\t\t\t\t\t\t\t<\/div>\n\t\t\t\t<\/div>\n\t\t\t\t\t<\/div>\n\t\t\t\t<\/div>\n\t\t<div class=\"elementor-element elementor-element-1f6732b e-flex e-con-boxed e-con e-parent\" data-id=\"1f6732b\" data-element_type=\"container\" data-settings=\"{&quot;background_background&quot;:&quot;classic&quot;}\">\n\t\t\t\t\t<div class=\"e-con-inner\">\n\t\t<div class=\"elementor-element elementor-element-7f5bfdd e-flex e-con-boxed e-con e-child\" data-id=\"7f5bfdd\" data-element_type=\"container\" data-settings=\"{&quot;background_background&quot;:&quot;classic&quot;}\">\n\t\t\t\t\t<div class=\"e-con-inner\">\n\t\t<div class=\"elementor-element elementor-element-e7b0067 e-con-full e-flex e-con e-child\" data-id=\"e7b0067\" data-element_type=\"container\">\n\t\t\t\t<div class=\"elementor-element elementor-element-d8cc64e elementor-widget elementor-widget-heading\" data-id=\"d8cc64e\" data-element_type=\"widget\" data-widget_type=\"heading.default\">\n\t\t\t\t<div class=\"elementor-widget-container\">\n\t\t\t\t\t<h3 class=\"elementor-heading-title elementor-size-default\">Pitajte nas \u0161ta \u017eelite da znate<\/h3>\t\t\t\t<\/div>\n\t\t\t\t<\/div>\n\t\t\t\t<div class=\"elementor-element elementor-element-be79db6 elementor-widget elementor-widget-text-editor\" data-id=\"be79db6\" data-element_type=\"widget\" data-widget_type=\"text-editor.default\">\n\t\t\t\t<div class=\"elementor-widget-container\">\n\t\t\t\t\t\t\t\t\t<p>Udaljeni smo samo jedan imejl<\/p>\t\t\t\t\t\t\t\t<\/div>\n\t\t\t\t<\/div>\n\t\t\t\t<div class=\"elementor-element elementor-element-454ef8d elementor-button-align-stretch elementor-widget elementor-widget-form\" data-id=\"454ef8d\" data-element_type=\"widget\" data-settings=\"{&quot;step_next_label&quot;:&quot;Slede\\u0107e&quot;,&quot;step_previous_label&quot;:&quot;Previous&quot;,&quot;button_width&quot;:&quot;100&quot;,&quot;step_type&quot;:&quot;number_text&quot;,&quot;step_icon_shape&quot;:&quot;circle&quot;}\" data-widget_type=\"form.default\">\n\t\t\t\t<div class=\"elementor-widget-container\">\n\t\t\t\t\t\t\t<form class=\"elementor-form\" method=\"post\" name=\"Novi obrazac\" aria-label=\"Novi obrazac\">\n\t\t\t<input type=\"hidden\" name=\"post_id\" value=\"2141\"\/>\n\t\t\t<input type=\"hidden\" name=\"form_id\" value=\"454ef8d\"\/>\n\t\t\t<input type=\"hidden\" name=\"referer_title\" value=\"\" \/>\n\n\t\t\t\n\t\t\t<div class=\"elementor-form-fields-wrapper elementor-labels-\">\n\t\t\t\t\t\t\t\t<div class=\"elementor-field-type-text elementor-field-group elementor-column elementor-field-group-name elementor-col-50\">\n\t\t\t\t\t\t\t\t\t\t\t\t<label for=\"form-field-name\" class=\"elementor-field-label elementor-screen-only\">\n\t\t\t\t\t\t\t\tPuno ime\t\t\t\t\t\t\t<\/label>\n\t\t\t\t\t\t\t\t\t\t\t\t\t\t<input size=\"1\" type=\"text\" name=\"form_fields[name]\" id=\"form-field-name\" class=\"elementor-field elementor-size-sm  elementor-field-textual\" placeholder=\"Puno ime\">\n\t\t\t\t\t\t\t\t\t\t\t<\/div>\n\t\t\t\t\t\t\t\t<div class=\"elementor-field-type-text elementor-field-group elementor-column elementor-field-group-field_c2adbc5 elementor-col-50\">\n\t\t\t\t\t\t\t\t\t\t\t\t<label for=\"form-field-field_c2adbc5\" class=\"elementor-field-label elementor-screen-only\">\n\t\t\t\t\t\t\t\tPrenume\t\t\t\t\t\t\t<\/label>\n\t\t\t\t\t\t\t\t\t\t\t\t\t\t<input size=\"1\" type=\"text\" name=\"form_fields[field_c2adbc5]\" id=\"form-field-field_c2adbc5\" class=\"elementor-field elementor-size-sm  elementor-field-textual\" placeholder=\"Prenume\">\n\t\t\t\t\t\t\t\t\t\t\t<\/div>\n\t\t\t\t\t\t\t\t<div class=\"elementor-field-type-email elementor-field-group elementor-column elementor-field-group-email elementor-col-100 elementor-field-required\">\n\t\t\t\t\t\t\t\t\t\t\t\t<label for=\"form-field-email\" class=\"elementor-field-label elementor-screen-only\">\n\t\t\t\t\t\t\t\tEmail\t\t\t\t\t\t\t<\/label>\n\t\t\t\t\t\t\t\t\t\t\t\t\t\t<input size=\"1\" type=\"email\" name=\"form_fields[email]\" id=\"form-field-email\" class=\"elementor-field elementor-size-sm  elementor-field-textual\" placeholder=\"Email\" required=\"required\">\n\t\t\t\t\t\t\t\t\t\t\t<\/div>\n\t\t\t\t\t\t\t\t<div class=\"elementor-field-type-tel elementor-field-group elementor-column elementor-field-group-field_b9ab723 elementor-col-100 elementor-field-required\">\n\t\t\t\t\t\t\t\t\t\t\t\t<label for=\"form-field-field_b9ab723\" class=\"elementor-field-label elementor-screen-only\">\n\t\t\t\t\t\t\t\tBroj telefona\t\t\t\t\t\t\t<\/label>\n\t\t\t\t\t\t\t\t<input size=\"1\" type=\"tel\" name=\"form_fields[field_b9ab723]\" id=\"form-field-field_b9ab723\" class=\"elementor-field elementor-size-sm  elementor-field-textual\" placeholder=\"Broj telefona\" required=\"required\" pattern=\"[0-9()#&amp;+*-=.]+\" title=\"Only numbers and phone characters (#, -, *, etc) are accepted.\">\n\n\t\t\t\t\t\t<\/div>\n\t\t\t\t\t\t\t\t<div class=\"elementor-field-type-textarea elementor-field-group elementor-column elementor-field-group-message elementor-col-100\">\n\t\t\t\t\t\t\t\t\t\t\t\t<label for=\"form-field-message\" class=\"elementor-field-label elementor-screen-only\">\n\t\t\t\t\t\t\t\tPoruka\t\t\t\t\t\t\t<\/label>\n\t\t\t\t\t\t<textarea class=\"elementor-field-textual elementor-field  elementor-size-sm\" name=\"form_fields[message]\" id=\"form-field-message\" rows=\"4\" placeholder=\"Poruka\"><\/textarea>\t\t\t\t<\/div>\n\t\t\t\t\t\t\t\t<div class=\"elementor-field-group elementor-column elementor-field-type-submit elementor-col-100 e-form__buttons\">\n\t\t\t\t\t<button class=\"elementor-button elementor-size-sm\" type=\"submit\">\n\t\t\t\t\t\t<span class=\"elementor-button-content-wrapper\">\n\t\t\t\t\t\t\t\t\t\t\t\t\t\t\t\t\t\t\t\t\t\t<span class=\"elementor-button-text\">Po\u0161alji<\/span>\n\t\t\t\t\t\t\t\t\t\t\t\t\t<\/span>\n\t\t\t\t\t<\/button>\n\t\t\t\t<\/div>\n\t\t\t<\/div>\n\t\t<\/form>\n\t\t\t\t\t\t<\/div>\n\t\t\t\t<\/div>\n\t\t\t\t<\/div>\n\t\t<div class=\"elementor-element elementor-element-45211cb e-con-full e-flex e-con e-child\" data-id=\"45211cb\" data-element_type=\"container\" data-settings=\"{&quot;background_background&quot;:&quot;classic&quot;}\">\n\t\t\t\t<div class=\"elementor-element elementor-element-586b618 elementor-widget elementor-widget-text-editor\" data-id=\"586b618\" data-element_type=\"widget\" data-widget_type=\"text-editor.default\">\n\t\t\t\t<div class=\"elementor-widget-container\">\n\t\t\t\t\t\t\t\t\t<p>ZA PACIJENTE KOJI FUNKCIONI\u0160U NA POZAJMLJENOJ ENERGIJI<\/p>\t\t\t\t\t\t\t\t<\/div>\n\t\t\t\t<\/div>\n\t\t\t\t<div class=\"elementor-element elementor-element-058488d elementor-widget elementor-widget-text-editor\" data-id=\"058488d\" data-element_type=\"widget\" data-widget_type=\"text-editor.default\">\n\t\t\t\t<div class=\"elementor-widget-container\">\n\t\t\t\t\t\t\t\t\t<p>Astenor<\/p>\t\t\t\t\t\t\t\t<\/div>\n\t\t\t\t<\/div>\n\t\t\t\t<\/div>\n\t\t\t\t\t<\/div>\n\t\t\t\t<\/div>\n\t\t\t\t\t<\/div>\n\t\t\t\t<\/div>\n\t\t<div class=\"elementor-element elementor-element-7ae59a8 e-flex e-con-boxed e-con e-parent\" data-id=\"7ae59a8\" data-element_type=\"container\">\n\t\t\t\t\t<div class=\"e-con-inner\">\n\t\t<div class=\"elementor-element elementor-element-1c03c8b e-con-full e-flex e-con e-child\" data-id=\"1c03c8b\" data-element_type=\"container\">\n\t\t<div class=\"elementor-element elementor-element-81cdaa7 e-con-full e-flex e-con e-child\" data-id=\"81cdaa7\" data-element_type=\"container\">\n\t\t\t\t<div class=\"elementor-element elementor-element-af8f738 elementor-widget elementor-widget-text-editor\" data-id=\"af8f738\" data-element_type=\"widget\" data-widget_type=\"text-editor.default\">\n\t\t\t\t<div class=\"elementor-widget-container\">\n\t\t\t\t\t\t\t\t\tBiessen Pharma Srl Bulevardul Timi\u0161oara 100G, Sektor 6 061334 Bukure\u0161t, Rumunija\t\t\t\t\t\t\t\t<\/div>\n\t\t\t\t<\/div>\n\t\t\t\t<\/div>\n\t\t<div class=\"elementor-element elementor-element-b7f12d0 e-con-full e-flex e-con e-child\" data-id=\"b7f12d0\" data-element_type=\"container\">\n\t\t\t\t<div class=\"elementor-element elementor-element-32f2ff8 elementor-widget elementor-widget-text-editor\" data-id=\"32f2ff8\" data-element_type=\"widget\" data-widget_type=\"text-editor.default\">\n\t\t\t\t<div class=\"elementor-widget-container\">\n\t\t\t\t\t\t\t\t\tBiessen Pharma Sarl 35 avenue des Champs-Elys\u00e9es 75008 Pariz &#8211; Francuska Tel : +33 (0)1 56 69 29 90\t\t\t\t\t\t\t\t<\/div>\n\t\t\t\t<\/div>\n\t\t\t\t<\/div>\n\t\t<div class=\"elementor-element elementor-element-bb17d73 e-con-full e-flex e-con e-child\" data-id=\"bb17d73\" data-element_type=\"container\">\n\t\t\t\t<div class=\"elementor-element elementor-element-6807fd8 elementor-widget elementor-widget-text-editor\" data-id=\"6807fd8\" data-element_type=\"widget\" data-widget_type=\"text-editor.default\">\n\t\t\t\t<div class=\"elementor-widget-container\">\n\t\t\t\t\t\t\t\t\tBiessen Pharma Srl 54 Calea Basarabije 2002 Ki\u0161injev \u2013 Republika Moldova\t\t\t\t\t\t\t\t<\/div>\n\t\t\t\t<\/div>\n\t\t\t\t<\/div>\n\t\t<div class=\"elementor-element elementor-element-ab60619 e-con-full e-flex e-con e-child\" data-id=\"ab60619\" data-element_type=\"container\">\n\t\t\t\t<div class=\"elementor-element elementor-element-3a2a453 elementor-widget elementor-widget-text-editor\" data-id=\"3a2a453\" data-element_type=\"widget\" data-widget_type=\"text-editor.default\">\n\t\t\t\t<div class=\"elementor-widget-container\">\n\t\t\t\t\t\t\t\t\tBiessen Pharma Bugarska OOD 102 Bulevar Bugarska, Centar Bellisimo 1680 Sofija &#8211; Bugarska\t\t\t\t\t\t\t\t<\/div>\n\t\t\t\t<\/div>\n\t\t\t\t<\/div>\n\t\t\t\t<\/div>\n\t\t<div class=\"elementor-element elementor-element-8417fa9 e-con-full e-flex e-con e-child\" data-id=\"8417fa9\" data-element_type=\"container\">\n\t\t<div class=\"elementor-element elementor-element-d635a55 e-con-full e-flex e-con e-child\" data-id=\"d635a55\" data-element_type=\"container\">\n\t\t\t\t<div class=\"elementor-element elementor-element-f2d97f4 elementor-widget elementor-widget-text-editor\" data-id=\"f2d97f4\" data-element_type=\"widget\" data-widget_type=\"text-editor.default\">\n\t\t\t\t<div class=\"elementor-widget-container\">\n\t\t\t\t\t\t\t\t\tBiessen Pharma Doo Rudni\u010dka, 9 11115 Beograd &#8211; Srbija (Belgrad &#8211; Serbia)\t\t\t\t\t\t\t\t<\/div>\n\t\t\t\t<\/div>\n\t\t\t\t<\/div>\n\t\t<div class=\"elementor-element elementor-element-5ff82ef e-con-full e-flex e-con e-child\" data-id=\"5ff82ef\" data-element_type=\"container\">\n\t\t\t\t<div class=\"elementor-element elementor-element-4947e1c elementor-widget elementor-widget-text-editor\" data-id=\"4947e1c\" data-element_type=\"widget\" data-widget_type=\"text-editor.default\">\n\t\t\t\t<div class=\"elementor-widget-container\">\n\t\t\t\t\t\t\t\t\tBiessen Pharma Doo Rajlova\u010dka cesta, 23 71000 Sarajevo &#8211; Bosna i Hercegovina\t\t\t\t\t\t\t\t<\/div>\n\t\t\t\t<\/div>\n\t\t\t\t<\/div>\n\t\t<div class=\"elementor-element elementor-element-770324c e-con-full e-flex e-con e-child\" data-id=\"770324c\" data-element_type=\"container\">\n\t\t\t\t<div class=\"elementor-element elementor-element-cf64b5e elementor-widget elementor-widget-text-editor\" data-id=\"cf64b5e\" data-element_type=\"widget\" data-widget_type=\"text-editor.default\">\n\t\t\t\t<div class=\"elementor-widget-container\">\n\t\t\t\t\t\t\t\t\tBiessen Pharma Doo Savska cesta, 84 10360 Sesvete, Zagreb, Hrvatska\t\t\t\t\t\t\t\t<\/div>\n\t\t\t\t<\/div>\n\t\t\t\t<\/div>\n\t\t<div class=\"elementor-element elementor-element-3eb3506 e-con-full e-flex e-con e-child\" data-id=\"3eb3506\" data-element_type=\"container\">\n\t\t\t\t<div class=\"elementor-element elementor-element-d329bc9 elementor-widget elementor-widget-text-editor\" data-id=\"d329bc9\" data-element_type=\"widget\" data-widget_type=\"text-editor.default\">\n\t\t\t\t<div class=\"elementor-widget-container\">\n\t\t\t\t\t\t\t\t\tBiessen Pharma Sarl Preko lokalnog partnera 81000 Podgorica, Crna Gora (Podgorica, Muntenegru)\t\t\t\t\t\t\t\t<\/div>\n\t\t\t\t<\/div>\n\t\t\t\t<\/div>\n\t\t\t\t<\/div>\n\t\t\t\t\t<\/div>\n\t\t\t\t<\/div>\n\t\t\t\t<\/div>\n\t\t","protected":false},"excerpt":{"rendered":"<p>Zajedno smo Zajedno osloba\u0111amo svu energiju koja vam je potrebna Pitajte nas \u0161ta \u017eelite da znate Udaljeni smo samo jedan imejl ZA PACIJENTE KOJI FUNKCIONI\u0160U NA POZAJMLJENOJ ENERGIJI Astenor Biessen Pharma Srl Bulevardul Timi\u0161oara 100G, Sektor 6 061334 Bukure\u0161t, RumunijaBiessen Pharma Sarl 35 avenue des Champs-Elys\u00e9es 75008 Pariz &#8211; Francuska Tel : +33 (0)1 56 [&hellip;]<\/p>\n","protected":false},"author":1,"featured_media":0,"parent":0,"menu_order":0,"comment_status":"closed","ping_status":"closed","template":"","meta":{"footnotes":""},"class_list":["post-2141","page","type-page","status-publish","hentry"],"_links":{"self":[{"href":"https:\/\/astenor.eu\/sr\/wp-json\/wp\/v2\/pages\/2141","targetHints":{"allow":["GET"]}}],"collection":[{"href":"https:\/\/astenor.eu\/sr\/wp-json\/wp\/v2\/pages"}],"about":[{"href":"https:\/\/astenor.eu\/sr\/wp-json\/wp\/v2\/types\/page"}],"author":[{"embeddable":true,"href":"https:\/\/astenor.eu\/sr\/wp-json\/wp\/v2\/users\/1"}],"replies":[{"embeddable":true,"href":"https:\/\/astenor.eu\/sr\/wp-json\/wp\/v2\/comments?post=2141"}],"version-history":[{"count":1,"href":"https:\/\/astenor.eu\/sr\/wp-json\/wp\/v2\/pages\/2141\/revisions"}],"predecessor-version":[{"id":2142,"href":"https:\/\/astenor.eu\/sr\/wp-json\/wp\/v2\/pages\/2141\/revisions\/2142"}],"wp:attachment":[{"href":"https:\/\/astenor.eu\/sr\/wp-json\/wp\/v2\/media?parent=2141"}],"curies":[{"name":"wp","href":"https:\/\/api.w.org\/{rel}","templated":true}]}}