{"id":2139,"date":"2025-06-02T09:11:11","date_gmt":"2025-06-02T09:11:11","guid":{"rendered":"https:\/\/astenor.eu\/astenor-perform\/"},"modified":"2025-12-16T12:59:10","modified_gmt":"2025-12-16T12:59:10","slug":"astenor-perform","status":"publish","type":"page","link":"https:\/\/astenor.eu\/sr\/astenor-perform\/","title":{"rendered":"Astenor Perform"},"content":{"rendered":"\t\t<div data-elementor-type=\"wp-page\" data-elementor-id=\"2139\" class=\"elementor elementor-2139 elementor-927\" data-elementor-post-type=\"page\">\n\t\t\t\t<div class=\"elementor-element elementor-element-b354911 e-con-full e-flex e-con e-parent\" data-id=\"b354911\" data-element_type=\"container\" id=\"hero-image\" data-settings=\"{&quot;background_background&quot;:&quot;classic&quot;}\">\n\t\t\t\t<div class=\"elementor-element elementor-element-d7b001e elementor-widget elementor-widget-html\" data-id=\"d7b001e\" data-element_type=\"widget\" data-widget_type=\"html.default\">\n\t\t\t\t<div class=\"elementor-widget-container\">\n\t\t\t\t\t<script>jQuery(document).ready(function(){\n        let windowWidth = jQuery(window).width();\n        let elementHeight = windowWidth \/ 3.2;\n        \n        jQuery(\"#hero-image\").height(elementHeight)\n    })\n<\/script>\t\t\t\t<\/div>\n\t\t\t\t<\/div>\n\t\t\t\t<\/div>\n\t\t<div class=\"elementor-element elementor-element-000e5e7 e-flex e-con-boxed e-con e-parent\" data-id=\"000e5e7\" data-element_type=\"container\">\n\t\t\t\t\t<div class=\"e-con-inner\">\n\t\t\t\t<div class=\"elementor-element elementor-element-939e3a3 elementor-widget elementor-widget-heading\" data-id=\"939e3a3\" data-element_type=\"widget\" data-widget_type=\"heading.default\">\n\t\t\t\t<div class=\"elementor-widget-container\">\n\t\t\t\t\t<h1 class=\"elementor-heading-title elementor-size-default\">Astenor Perform<\/h1>\t\t\t\t<\/div>\n\t\t\t\t<\/div>\n\t\t\t\t\t<\/div>\n\t\t\t\t<\/div>\n\t\t<div class=\"elementor-element elementor-element-21496de e-flex e-con-boxed e-con e-parent\" data-id=\"21496de\" data-element_type=\"container\">\n\t\t\t\t\t<div class=\"e-con-inner\">\n\t\t\t\t<div class=\"elementor-element elementor-element-b6f451e elementor-widget elementor-widget-heading\" data-id=\"b6f451e\" data-element_type=\"widget\" data-widget_type=\"heading.default\">\n\t\t\t\t<div class=\"elementor-widget-container\">\n\t\t\t\t\t<h3 class=\"elementor-heading-title elementor-size-default\">Sindrom izgaranja<\/h3>\t\t\t\t<\/div>\n\t\t\t\t<\/div>\n\t\t<div class=\"elementor-element elementor-element-6b099ff e-con-full e-flex e-con e-child\" data-id=\"6b099ff\" data-element_type=\"container\" data-settings=\"{&quot;background_background&quot;:&quot;classic&quot;}\">\n\t\t<div class=\"elementor-element elementor-element-a2dd5af e-con-full e-flex e-con e-child\" data-id=\"a2dd5af\" data-element_type=\"container\">\n\t\t\t\t<div class=\"elementor-element elementor-element-3c1ca9e elementor-widget elementor-widget-text-editor\" data-id=\"3c1ca9e\" data-element_type=\"widget\" data-widget_type=\"text-editor.default\">\n\t\t\t\t<div class=\"elementor-widget-container\">\n\t\t\t\t\t\t\t\t\t<p>Izgaranje (burnout) ili hroni\u010dni umor je stanje emocionalne, fizi\u010dke i mentalne iscrpljenosti uzrokovano prekomernim i dugotrajnim stresom, posebno na radnom mestu.<\/p>\t\t\t\t\t\t\t\t<\/div>\n\t\t\t\t<\/div>\n\t\t\t\t<div class=\"elementor-element elementor-element-6cd8c5e elementor-widget elementor-widget-text-editor\" data-id=\"6cd8c5e\" data-element_type=\"widget\" data-widget_type=\"text-editor.default\">\n\t\t\t\t<div class=\"elementor-widget-container\">\n\t\t\t\t\t\t\t\t\t<p>Javlja se u trenucima kada se ose\u0107amo preoptere\u0107eno, emocionalno iscrpljeno i nesposobno da obavljamo svoju dnevnu rutinu. Simptomi izgaranja uklju\u010duju op\u0161ti ose\u0107aj umora i slabosti, pad imuniteta, gubitak motivacije i pote\u0161ko\u0107e sa koncentracijom. <\/p>\t\t\t\t\t\t\t\t<\/div>\n\t\t\t\t<\/div>\n\t\t\t\t<div class=\"elementor-element elementor-element-3b33f0d elementor-widget elementor-widget-text-editor\" data-id=\"3b33f0d\" data-element_type=\"widget\" data-widget_type=\"text-editor.default\">\n\t\t\t\t<div class=\"elementor-widget-container\">\n\t\t\t\t\t\t\t\t\t<p>Astenor Perform sadr\u017ei citrulin, koji podr\u017eava proizvodnju azot-oksida, pobolj\u0161avaju\u0107i cirkulaciju i \u0107elijsku oksigenaciju, i magnezijum, koji doprinosi smanjenju umora i podr\u0161ci nervnom sistemu.<\/p>\t\t\t\t\t\t\t\t<\/div>\n\t\t\t\t<\/div>\n\t\t\t\t<div class=\"elementor-element elementor-element-b2ab5fc elementor-widget elementor-widget-text-editor\" data-id=\"b2ab5fc\" data-element_type=\"widget\" data-widget_type=\"text-editor.default\">\n\t\t\t\t<div class=\"elementor-widget-container\">\n\t\t\t\t\t\t\t\t\t<p>Astenor Perform poma\u017ee u povratku ravnote\u017ee u periodima preoptere\u0107enja.<\/p>\t\t\t\t\t\t\t\t<\/div>\n\t\t\t\t<\/div>\n\t\t\t\t<\/div>\n\t\t<div class=\"elementor-element elementor-element-ec534ac e-con-full e-flex e-con e-child\" data-id=\"ec534ac\" data-element_type=\"container\" data-settings=\"{&quot;background_background&quot;:&quot;classic&quot;}\">\n\t\t\t\t<div class=\"elementor-element elementor-element-0894e2a elementor-widget elementor-widget-spacer\" data-id=\"0894e2a\" data-element_type=\"widget\" data-widget_type=\"spacer.default\">\n\t\t\t\t<div class=\"elementor-widget-container\">\n\t\t\t\t\t\t\t<div class=\"elementor-spacer\">\n\t\t\t<div class=\"elementor-spacer-inner\"><\/div>\n\t\t<\/div>\n\t\t\t\t\t\t<\/div>\n\t\t\t\t<\/div>\n\t\t\t\t<\/div>\n\t\t\t\t<\/div>\n\t\t\t\t\t<\/div>\n\t\t\t\t<\/div>\n\t\t<div class=\"elementor-element elementor-element-7d56db0 e-flex e-con-boxed e-con e-parent\" data-id=\"7d56db0\" data-element_type=\"container\">\n\t\t\t\t\t<div class=\"e-con-inner\">\n\t\t\t\t<div class=\"elementor-element elementor-element-dcdbbea elementor-widget elementor-widget-heading\" data-id=\"dcdbbea\" data-element_type=\"widget\" data-widget_type=\"heading.default\">\n\t\t\t\t<div class=\"elementor-widget-container\">\n\t\t\t\t\t<h3 class=\"elementor-heading-title elementor-size-default\">Suprasolicitare mentala si fizica<\/h3>\t\t\t\t<\/div>\n\t\t\t\t<\/div>\n\t\t<div class=\"elementor-element elementor-element-a45ff20 e-con-full e-flex e-con e-child\" data-id=\"a45ff20\" data-element_type=\"container\" data-settings=\"{&quot;background_background&quot;:&quot;classic&quot;}\">\n\t\t<div class=\"elementor-element elementor-element-7832640 e-con-full e-flex e-con e-child\" data-id=\"7832640\" data-element_type=\"container\">\n\t\t\t\t<div class=\"elementor-element elementor-element-0197efb elementor-widget elementor-widget-text-editor\" data-id=\"0197efb\" data-element_type=\"widget\" data-widget_type=\"text-editor.default\">\n\t\t\t\t<div class=\"elementor-widget-container\">\n\t\t\t\t\t\t\t\t\t<p>Konstantni pritisci svakodnevnog \u017eivota mogu dovesti do preoptere\u0107enja, razdra\u017eljivosti i nedostatka energije. Produ\u017eeni stres uti\u010de i na koncentraciju i na fizi\u010dku sposobnost obavljanja svakodnevnih aktivnosti. <\/p>\t\t\t\t\t\t\t\t<\/div>\n\t\t\t\t<\/div>\n\t\t\t\t<div class=\"elementor-element elementor-element-9cb853c elementor-widget elementor-widget-text-editor\" data-id=\"9cb853c\" data-element_type=\"widget\" data-widget_type=\"text-editor.default\">\n\t\t\t\t<div class=\"elementor-widget-container\">\n\t\t\t\t\t\t\t\t\t<p>Astenor Perform sadr\u017ei citrulin i magnezijum \u2013 efikasnu kombinaciju koja podr\u017eava normalno funkcionisanje mi\u0161i\u0107a i nervnog sistema i poma\u017ee \u0107elijsku oksigenaciju putem proizvodnje azot-oksida.<\/p>\t\t\t\t\t\t\t\t<\/div>\n\t\t\t\t<\/div>\n\t\t\t\t<div class=\"elementor-element elementor-element-7ffa3bc elementor-widget elementor-widget-text-editor\" data-id=\"7ffa3bc\" data-element_type=\"widget\" data-widget_type=\"text-editor.default\">\n\t\t\t\t<div class=\"elementor-widget-container\">\n\t\t\t\t\t\t\t\t\t<p><strong>Astenor Perform podr\u017eava organizam u zahtevnim periodima, kada vam je potrebna izdr\u017eljivost i bistrina.<\/strong><\/p>\t\t\t\t\t\t\t\t<\/div>\n\t\t\t\t<\/div>\n\t\t\t\t<\/div>\n\t\t<div class=\"elementor-element elementor-element-78bf5f3 e-con-full e-flex e-con e-child\" data-id=\"78bf5f3\" data-element_type=\"container\" data-settings=\"{&quot;background_background&quot;:&quot;classic&quot;}\">\n\t\t\t\t<div class=\"elementor-element elementor-element-4be4509 elementor-widget elementor-widget-spacer\" data-id=\"4be4509\" data-element_type=\"widget\" data-widget_type=\"spacer.default\">\n\t\t\t\t<div class=\"elementor-widget-container\">\n\t\t\t\t\t\t\t<div class=\"elementor-spacer\">\n\t\t\t<div class=\"elementor-spacer-inner\"><\/div>\n\t\t<\/div>\n\t\t\t\t\t\t<\/div>\n\t\t\t\t<\/div>\n\t\t\t\t<\/div>\n\t\t\t\t<\/div>\n\t\t\t\t\t<\/div>\n\t\t\t\t<\/div>\n\t\t<div class=\"elementor-element elementor-element-7d592f2 e-flex e-con-boxed e-con e-parent\" data-id=\"7d592f2\" data-element_type=\"container\">\n\t\t\t\t\t<div class=\"e-con-inner\">\n\t\t\t\t<div class=\"elementor-element elementor-element-adb9c0e elementor-widget elementor-widget-heading\" data-id=\"adb9c0e\" data-element_type=\"widget\" data-widget_type=\"heading.default\">\n\t\t\t\t<div class=\"elementor-widget-container\">\n\t\t\t\t\t<h3 class=\"elementor-heading-title elementor-size-default\">Intelektualne performanse<\/h3>\t\t\t\t<\/div>\n\t\t\t\t<\/div>\n\t\t<div class=\"elementor-element elementor-element-6caf917 e-con-full e-flex e-con e-child\" data-id=\"6caf917\" data-element_type=\"container\" data-settings=\"{&quot;background_background&quot;:&quot;classic&quot;}\">\n\t\t<div class=\"elementor-element elementor-element-24d9ffc e-con-full e-flex e-con e-child\" data-id=\"24d9ffc\" data-element_type=\"container\">\n\t\t\t\t<div class=\"elementor-element elementor-element-c314cd1 elementor-widget elementor-widget-text-editor\" data-id=\"c314cd1\" data-element_type=\"widget\" data-widget_type=\"text-editor.default\">\n\t\t\t\t<div class=\"elementor-widget-container\">\n\t\t\t\t\t\t\t\t\t<p>Periodi ispita, te\u0161ki projekti, obavljanje vi\u0161e zadataka istovremeno (multitasking) i brze odluke mogu dovesti do kognitivne iscrpljenosti. Koncentracija opada, pam\u0107enje je naru\u0161eno, a ukupna produktivnost se smanjuje. <\/p>\t\t\t\t\t\t\t\t<\/div>\n\t\t\t\t<\/div>\n\t\t\t\t<div class=\"elementor-element elementor-element-7db6533 elementor-widget elementor-widget-text-editor\" data-id=\"7db6533\" data-element_type=\"widget\" data-widget_type=\"text-editor.default\">\n\t\t\t\t<div class=\"elementor-widget-container\">\n\t\t\t\t\t\t\t\t\t<p>Astenor Perform doprinosi odr\u017eavanju normalnih psiholo\u0161kih funkcija i podr\u017eava mo\u017edanu aktivnost, zahvaljuju\u0107i magnezijumu i citrulinu \u2013 koji poma\u017eu cerebralnu cirkulaciju i oksigenaciju neurona.<\/p>\t\t\t\t\t\t\t\t<\/div>\n\t\t\t\t<\/div>\n\t\t\t\t<div class=\"elementor-element elementor-element-683cc5a elementor-widget elementor-widget-text-editor\" data-id=\"683cc5a\" data-element_type=\"widget\" data-widget_type=\"text-editor.default\">\n\t\t\t\t<div class=\"elementor-widget-container\">\n\t\t\t\t\t\t\t\t\t<p><strong>Astenor Perform poma\u017ee u odr\u017eavanju mentalne bistrine u trenucima kada morate biti na maksimalnom kapacitetu.<\/strong><\/p>\t\t\t\t\t\t\t\t<\/div>\n\t\t\t\t<\/div>\n\t\t\t\t<\/div>\n\t\t<div class=\"elementor-element elementor-element-c21e83a e-con-full e-flex e-con e-child\" data-id=\"c21e83a\" data-element_type=\"container\" data-settings=\"{&quot;background_background&quot;:&quot;classic&quot;}\">\n\t\t\t\t<div class=\"elementor-element elementor-element-e60dd09 elementor-widget elementor-widget-spacer\" data-id=\"e60dd09\" data-element_type=\"widget\" data-widget_type=\"spacer.default\">\n\t\t\t\t<div class=\"elementor-widget-container\">\n\t\t\t\t\t\t\t<div class=\"elementor-spacer\">\n\t\t\t<div class=\"elementor-spacer-inner\"><\/div>\n\t\t<\/div>\n\t\t\t\t\t\t<\/div>\n\t\t\t\t<\/div>\n\t\t\t\t<\/div>\n\t\t\t\t<\/div>\n\t\t\t\t\t<\/div>\n\t\t\t\t<\/div>\n\t\t<div class=\"elementor-element elementor-element-0cdc5a6 e-flex e-con-boxed e-con e-parent\" data-id=\"0cdc5a6\" data-element_type=\"container\">\n\t\t\t\t\t<div class=\"e-con-inner\">\n\t\t\t\t<div class=\"elementor-element elementor-element-e1386e0 elementor-widget elementor-widget-heading\" data-id=\"e1386e0\" data-element_type=\"widget\" data-widget_type=\"heading.default\">\n\t\t\t\t<div class=\"elementor-widget-container\">\n\t\t\t\t\t<h3 class=\"elementor-heading-title elementor-size-default\">Odr\u017eana fizi\u010dka aktivnost<\/h3>\t\t\t\t<\/div>\n\t\t\t\t<\/div>\n\t\t<div class=\"elementor-element elementor-element-0474f1d e-con-full e-flex e-con e-child\" data-id=\"0474f1d\" data-element_type=\"container\" data-settings=\"{&quot;background_background&quot;:&quot;classic&quot;}\">\n\t\t<div class=\"elementor-element elementor-element-c244984 e-con-full e-flex e-con e-child\" data-id=\"c244984\" data-element_type=\"container\">\n\t\t\t\t<div class=\"elementor-element elementor-element-883d329 elementor-widget elementor-widget-text-editor\" data-id=\"883d329\" data-element_type=\"widget\" data-widget_type=\"text-editor.default\">\n\t\t\t\t<div class=\"elementor-widget-container\">\n\t\t\t\t\t\t\t\t\t<p>Konstantni treninzi, zahtevan fizi\u010dki rad ili jednostavno aktivan na\u010din \u017eivota zahtevaju efikasnu podr\u0161ku za spre\u010davanje iscrpljenosti i odr\u017eavanje dnevnih performansi.<\/p>\t\t\t\t\t\t\t\t<\/div>\n\t\t\t\t<\/div>\n\t\t\t\t<div class=\"elementor-element elementor-element-94df17b elementor-widget elementor-widget-text-editor\" data-id=\"94df17b\" data-element_type=\"widget\" data-widget_type=\"text-editor.default\">\n\t\t\t\t<div class=\"elementor-widget-container\">\n\t\t\t\t\t\t\t\t\t<p>Astenor Perform sadr\u017ei citrulin \u2013 prete\u010du arginina \u2013 koji podr\u017eava proizvodnju azot-oksida, doprinose\u0107i boljoj mi\u0161i\u0107noj oksigenaciji. Magnezijum doprinosi normalnom funkcionisanju mi\u0161i\u0107a i smanjenju umora. <\/p>\t\t\t\t\t\t\t\t<\/div>\n\t\t\t\t<\/div>\n\t\t\t\t<div class=\"elementor-element elementor-element-5f33f48 elementor-widget elementor-widget-text-editor\" data-id=\"5f33f48\" data-element_type=\"widget\" data-widget_type=\"text-editor.default\">\n\t\t\t\t<div class=\"elementor-widget-container\">\n\t\t\t\t\t\t\t\t\t<p><strong>Astenor Perform podr\u017eava fizi\u010dke performanse i poma\u017ee vam da du\u017ee ostanete aktivni.<\/strong><\/p>\t\t\t\t\t\t\t\t<\/div>\n\t\t\t\t<\/div>\n\t\t\t\t<\/div>\n\t\t<div class=\"elementor-element elementor-element-43a9091 e-con-full e-flex e-con e-child\" data-id=\"43a9091\" data-element_type=\"container\" data-settings=\"{&quot;background_background&quot;:&quot;classic&quot;}\">\n\t\t\t\t<div class=\"elementor-element elementor-element-2331707 elementor-widget elementor-widget-spacer\" data-id=\"2331707\" data-element_type=\"widget\" data-widget_type=\"spacer.default\">\n\t\t\t\t<div class=\"elementor-widget-container\">\n\t\t\t\t\t\t\t<div class=\"elementor-spacer\">\n\t\t\t<div class=\"elementor-spacer-inner\"><\/div>\n\t\t<\/div>\n\t\t\t\t\t\t<\/div>\n\t\t\t\t<\/div>\n\t\t\t\t<\/div>\n\t\t\t\t<\/div>\n\t\t\t\t\t<\/div>\n\t\t\t\t<\/div>\n\t\t<div class=\"elementor-element elementor-element-5a19c9a e-flex e-con-boxed e-con e-parent\" data-id=\"5a19c9a\" data-element_type=\"container\">\n\t\t\t\t\t<div class=\"e-con-inner\">\n\t\t\t\t<div class=\"elementor-element elementor-element-9f1dfad elementor-widget elementor-widget-heading\" data-id=\"9f1dfad\" data-element_type=\"widget\" data-widget_type=\"heading.default\">\n\t\t\t\t<div class=\"elementor-widget-container\">\n\t\t\t\t\t<h3 class=\"elementor-heading-title elementor-size-default\">Erektilna funkcija i mu\u0161ka energija<\/h3>\t\t\t\t<\/div>\n\t\t\t\t<\/div>\n\t\t<div class=\"elementor-element elementor-element-3503efe e-con-full e-flex e-con e-child\" data-id=\"3503efe\" data-element_type=\"container\" data-settings=\"{&quot;background_background&quot;:&quot;classic&quot;}\">\n\t\t<div class=\"elementor-element elementor-element-a38ba61 e-con-full e-flex e-con e-child\" data-id=\"a38ba61\" data-element_type=\"container\">\n\t\t\t\t<div class=\"elementor-element elementor-element-48af09b elementor-widget elementor-widget-text-editor\" data-id=\"48af09b\" data-element_type=\"widget\" data-widget_type=\"text-editor.default\">\n\t\t\t\t<div class=\"elementor-widget-container\">\n\t\t\t\t\t\t\t\t\t<p>Zahtevan stil \u017eivota, stres i umor mogu uticati na erektilnu funkciju, \u010dak i kod aktivnih mu\u0161karaca. Smanjen protok krvi, nedostatak energije i pad tonusa mogu biti faktori koji uti\u010du na intimni \u017eivot. <\/p>\t\t\t\t\t\t\t\t<\/div>\n\t\t\t\t<\/div>\n\t\t\t\t<div class=\"elementor-element elementor-element-041cddd elementor-widget elementor-widget-text-editor\" data-id=\"041cddd\" data-element_type=\"widget\" data-widget_type=\"text-editor.default\">\n\t\t\t\t<div class=\"elementor-widget-container\">\n\t\t\t\t\t\t\t\t\t<p>Astenor Perform sadr\u017ei citrulin \u2013 prete\u010du arginina \u2013 koji podr\u017eava proizvodnju azot-oksida, sa pozitivnim efektima na perifernu cirkulaciju. Magnezijum doprinosi normalnom funkcionisanju nervnog sistema. <\/p>\t\t\t\t\t\t\t\t<\/div>\n\t\t\t\t<\/div>\n\t\t\t\t<div class=\"elementor-element elementor-element-bd5fabe elementor-widget elementor-widget-text-editor\" data-id=\"bd5fabe\" data-element_type=\"widget\" data-widget_type=\"text-editor.default\">\n\t\t\t\t<div class=\"elementor-widget-container\">\n\t\t\t\t\t\t\t\t\t<p><strong>Astenor Perform podr\u017eava mu\u0161ke performanse na prirodan na\u010din, sa blagim i efikasnim delovanjem.<\/strong><\/p>\t\t\t\t\t\t\t\t<\/div>\n\t\t\t\t<\/div>\n\t\t\t\t<\/div>\n\t\t<div class=\"elementor-element elementor-element-27afad3 e-con-full e-flex e-con e-child\" data-id=\"27afad3\" data-element_type=\"container\" data-settings=\"{&quot;background_background&quot;:&quot;classic&quot;}\">\n\t\t\t\t<div class=\"elementor-element elementor-element-4cefcba elementor-widget elementor-widget-spacer\" data-id=\"4cefcba\" data-element_type=\"widget\" data-widget_type=\"spacer.default\">\n\t\t\t\t<div class=\"elementor-widget-container\">\n\t\t\t\t\t\t\t<div class=\"elementor-spacer\">\n\t\t\t<div class=\"elementor-spacer-inner\"><\/div>\n\t\t<\/div>\n\t\t\t\t\t\t<\/div>\n\t\t\t\t<\/div>\n\t\t\t\t<\/div>\n\t\t\t\t<\/div>\n\t\t\t\t\t<\/div>\n\t\t\t\t<\/div>\n\t\t<div class=\"elementor-element elementor-element-933a160 e-flex e-con-boxed e-con e-parent\" data-id=\"933a160\" data-element_type=\"container\">\n\t\t\t\t\t<div class=\"e-con-inner\">\n\t\t\t\t<div class=\"elementor-element elementor-element-6224be5 elementor-widget elementor-widget-heading\" data-id=\"6224be5\" data-element_type=\"widget\" data-widget_type=\"heading.default\">\n\t\t\t\t<div class=\"elementor-widget-container\">\n\t\t\t\t\t<h3 class=\"elementor-heading-title elementor-size-default\">Podr\u0161ka za intenzivne treninge \u2013 efekat pumpanja i oksigenacija (sau oksigenisanje)<\/h3>\t\t\t\t<\/div>\n\t\t\t\t<\/div>\n\t\t<div class=\"elementor-element elementor-element-3c366f9 e-con-full e-flex e-con e-child\" data-id=\"3c366f9\" data-element_type=\"container\" data-settings=\"{&quot;background_background&quot;:&quot;classic&quot;}\">\n\t\t<div class=\"elementor-element elementor-element-ea18576 e-con-full e-flex e-con e-child\" data-id=\"ea18576\" data-element_type=\"container\">\n\t\t\t\t<div class=\"elementor-element elementor-element-c9e3383 elementor-widget elementor-widget-text-editor\" data-id=\"c9e3383\" data-element_type=\"widget\" data-widget_type=\"text-editor.default\">\n\t\t\t\t<div class=\"elementor-widget-container\">\n\t\t\t\t\t\t\t\t\t<p>Sportisti koji \u017eele efikasan trening, sa optimalnom oksigenacijom mi\u0161i\u0107a i podr\u0161kom fizi\u010dkoj izdr\u017eljivosti, trebaju inteligentnu metaboli\u010dku podr\u0161ku. Preparati tipa \u201epre-workout\u201c koriste se za stimulisanje protoka krvi, snage i kapaciteta za napor. <\/p>\t\t\t\t\t\t\t\t<\/div>\n\t\t\t\t<\/div>\n\t\t\t\t<div class=\"elementor-element elementor-element-c6cebdc elementor-widget elementor-widget-text-editor\" data-id=\"c6cebdc\" data-element_type=\"widget\" data-widget_type=\"text-editor.default\">\n\t\t\t\t<div class=\"elementor-widget-container\">\n\t\t\t\t\t\t\t\t\t<p>Astenor Perform sadr\u017ei citrulin \u2013 prete\u010du arginina \u2013 koji stimuli\u0161e proizvodnju azot-oksida, sa vazodilatatornim efektom. Na taj na\u010din, pove\u0107ava se protok krvi u mi\u0161i\u0107e, pobolj\u0161avaju\u0107i oksigenaciju, ose\u0107aj pumpanja i fizi\u010dke performanse. Magnezijum doprinosi normalnom funkcionisanju mi\u0161i\u0107a i smanjenju umora.  <\/p>\t\t\t\t\t\t\t\t<\/div>\n\t\t\t\t<\/div>\n\t\t\t\t<div class=\"elementor-element elementor-element-f39969f elementor-widget elementor-widget-text-editor\" data-id=\"f39969f\" data-element_type=\"widget\" data-widget_type=\"text-editor.default\">\n\t\t\t\t<div class=\"elementor-widget-container\">\n\t\t\t\t\t\t\t\t\t<p><strong>Astenor Perform je idealan izbor za sportiste koji \u017eele da treniraju efikasnije, sa vi\u0161e snage i izdr\u017eljivosti.<\/strong><\/p>\t\t\t\t\t\t\t\t<\/div>\n\t\t\t\t<\/div>\n\t\t\t\t<\/div>\n\t\t<div class=\"elementor-element elementor-element-044f226 e-con-full e-flex e-con e-child\" data-id=\"044f226\" data-element_type=\"container\" data-settings=\"{&quot;background_background&quot;:&quot;classic&quot;}\">\n\t\t\t\t<div class=\"elementor-element elementor-element-75cf4f0 elementor-widget elementor-widget-spacer\" data-id=\"75cf4f0\" data-element_type=\"widget\" data-widget_type=\"spacer.default\">\n\t\t\t\t<div class=\"elementor-widget-container\">\n\t\t\t\t\t\t\t<div class=\"elementor-spacer\">\n\t\t\t<div class=\"elementor-spacer-inner\"><\/div>\n\t\t<\/div>\n\t\t\t\t\t\t<\/div>\n\t\t\t\t<\/div>\n\t\t\t\t<\/div>\n\t\t\t\t<\/div>\n\t\t\t\t\t<\/div>\n\t\t\t\t<\/div>\n\t\t<div class=\"elementor-element elementor-element-49dd11a e-flex e-con-boxed e-con e-parent\" data-id=\"49dd11a\" data-element_type=\"container\">\n\t\t\t\t\t<div class=\"e-con-inner\">\n\t\t\t\t<div class=\"elementor-element elementor-element-bb8bee3 elementor-widget elementor-widget-heading\" data-id=\"bb8bee3\" data-element_type=\"widget\" data-widget_type=\"heading.default\">\n\t\t\t\t<div class=\"elementor-widget-container\">\n\t\t\t\t\t<h3 class=\"elementor-heading-title elementor-size-default\">Aktivan stil \u017eivota sa povremenom probavnom nelagodno\u0161\u0107u<\/h3>\t\t\t\t<\/div>\n\t\t\t\t<\/div>\n\t\t<div class=\"elementor-element elementor-element-f6f7e20 e-con-full e-flex e-con e-child\" data-id=\"f6f7e20\" data-element_type=\"container\" data-settings=\"{&quot;background_background&quot;:&quot;classic&quot;}\">\n\t\t<div class=\"elementor-element elementor-element-9bb773a e-con-full e-flex e-con e-child\" data-id=\"9bb773a\" data-element_type=\"container\">\n\t\t\t\t<div class=\"elementor-element elementor-element-4cb57c4 elementor-widget elementor-widget-text-editor\" data-id=\"4cb57c4\" data-element_type=\"widget\" data-widget_type=\"text-editor.default\">\n\t\t\t\t<div class=\"elementor-widget-container\">\n\t\t\t\t\t\t\t\t\t<p>Intenzivni treninzi, stres ili neredovni obroci mogu uticati na probavni komfor, posebno u zahtevnim periodima. Organizam koji je u probavnoj neravnote\u017ei ne\u0107e mo\u0107i efikasno da podr\u017ei fizi\u010dki ili mentalni napor. <\/p>\t\t\t\t\t\t\t\t<\/div>\n\t\t\t\t<\/div>\n\t\t\t\t<div class=\"elementor-element elementor-element-9eebd69 elementor-widget elementor-widget-text-editor\" data-id=\"9eebd69\" data-element_type=\"widget\" data-widget_type=\"text-editor.default\">\n\t\t\t\t<div class=\"elementor-widget-container\">\n\t\t\t\t\t\t\t\t\t<p>Astenor Perform sadr\u017ei citrulin \u2013 aminokiselinu koju digestivni trakt dobro podnosi, \u010dak i u situacijama preosetljivosti ili funkcionalnih poreme\u0107aja. Za razliku od drugih aminokiselina, citrulin se metaboli\u0161e na nivou bubrega i doprinosi pove\u0107anju nivoa arginina u organizmu, bez preoptere\u0107enja digestivnog sistema. Magnezijum podr\u017eava ravnote\u017eu elektrolita i normalno funkcionisanje mi\u0161i\u0107nog i nervnog sistema.  <\/p>\t\t\t\t\t\t\t\t<\/div>\n\t\t\t\t<\/div>\n\t\t\t\t<div class=\"elementor-element elementor-element-8c7326b elementor-widget elementor-widget-text-editor\" data-id=\"8c7326b\" data-element_type=\"widget\" data-widget_type=\"text-editor.default\">\n\t\t\t\t<div class=\"elementor-widget-container\">\n\t\t\t\t\t\t\t\t\t<p><strong>Astenor Perform je pogodan za aktivne ljude koji \u017eele da odr\u017ee energiju i koncentraciju, \u010dak i u prisustvu povremene probavne nelagode.<\/strong><\/p>\t\t\t\t\t\t\t\t<\/div>\n\t\t\t\t<\/div>\n\t\t\t\t<\/div>\n\t\t<div class=\"elementor-element elementor-element-01b55a2 e-con-full e-flex e-con e-child\" data-id=\"01b55a2\" data-element_type=\"container\" data-settings=\"{&quot;background_background&quot;:&quot;classic&quot;}\">\n\t\t\t\t<div class=\"elementor-element elementor-element-3c02c96 elementor-widget elementor-widget-spacer\" data-id=\"3c02c96\" data-element_type=\"widget\" data-widget_type=\"spacer.default\">\n\t\t\t\t<div class=\"elementor-widget-container\">\n\t\t\t\t\t\t\t<div class=\"elementor-spacer\">\n\t\t\t<div class=\"elementor-spacer-inner\"><\/div>\n\t\t<\/div>\n\t\t\t\t\t\t<\/div>\n\t\t\t\t<\/div>\n\t\t\t\t<\/div>\n\t\t\t\t<\/div>\n\t\t\t\t\t<\/div>\n\t\t\t\t<\/div>\n\t\t\t\t<\/div>\n\t\t","protected":false},"excerpt":{"rendered":"<p>Sindrom izgaranja Izgaranje (burnout) ili hroni\u010dni umor je stanje emocionalne, fizi\u010dke i mentalne iscrpljenosti uzrokovano prekomernim i dugotrajnim stresom, posebno na radnom mestu. Javlja se u trenucima kada se ose\u0107amo preoptere\u0107eno, emocionalno iscrpljeno i nesposobno da obavljamo svoju dnevnu rutinu. Simptomi izgaranja uklju\u010duju op\u0161ti ose\u0107aj umora i slabosti, pad imuniteta, gubitak motivacije i pote\u0161ko\u0107e sa [&hellip;]<\/p>\n","protected":false},"author":1,"featured_media":0,"parent":0,"menu_order":0,"comment_status":"closed","ping_status":"closed","template":"","meta":{"footnotes":""},"class_list":["post-2139","page","type-page","status-publish","hentry"],"_links":{"self":[{"href":"https:\/\/astenor.eu\/sr\/wp-json\/wp\/v2\/pages\/2139","targetHints":{"allow":["GET"]}}],"collection":[{"href":"https:\/\/astenor.eu\/sr\/wp-json\/wp\/v2\/pages"}],"about":[{"href":"https:\/\/astenor.eu\/sr\/wp-json\/wp\/v2\/types\/page"}],"author":[{"embeddable":true,"href":"https:\/\/astenor.eu\/sr\/wp-json\/wp\/v2\/users\/1"}],"replies":[{"embeddable":true,"href":"https:\/\/astenor.eu\/sr\/wp-json\/wp\/v2\/comments?post=2139"}],"version-history":[{"count":1,"href":"https:\/\/astenor.eu\/sr\/wp-json\/wp\/v2\/pages\/2139\/revisions"}],"predecessor-version":[{"id":2140,"href":"https:\/\/astenor.eu\/sr\/wp-json\/wp\/v2\/pages\/2139\/revisions\/2140"}],"wp:attachment":[{"href":"https:\/\/astenor.eu\/sr\/wp-json\/wp\/v2\/media?parent=2139"}],"curies":[{"name":"wp","href":"https:\/\/api.w.org\/{rel}","templated":true}]}}