{"id":2134,"date":"2025-04-15T11:31:04","date_gmt":"2025-04-15T11:31:04","guid":{"rendered":"https:\/\/astenor.eu\/o-nama\/"},"modified":"2025-12-08T12:00:48","modified_gmt":"2025-12-08T12:00:48","slug":"o-nama","status":"publish","type":"page","link":"https:\/\/astenor.eu\/sr\/o-nama\/","title":{"rendered":"O nama"},"content":{"rendered":"\t\t<div data-elementor-type=\"wp-page\" data-elementor-id=\"2134\" class=\"elementor elementor-2134 elementor-27\" data-elementor-post-type=\"page\">\n\t\t\t\t<div class=\"elementor-element elementor-element-2ba5fe0 e-con-full e-flex e-con e-parent\" data-id=\"2ba5fe0\" data-element_type=\"container\" id=\"hero-video\" data-settings=\"{&quot;background_background&quot;:&quot;video&quot;,&quot;background_video_link&quot;:&quot;https:\\\/\\\/www.youtube.com\\\/watch?v=T5i7GEX8w58&quot;,&quot;background_play_on_mobile&quot;:&quot;yes&quot;,&quot;background_motion_fx_devices&quot;:[&quot;desktop&quot;,&quot;tablet&quot;,&quot;mobile&quot;]}\">\n\t\t<div class=\"elementor-background-video-container\">\n\t\t\t\t\t\t\t<div class=\"elementor-background-video-embed\"><\/div>\n\t\t\t\t\t\t<\/div>\t\t<div class=\"elementor-element elementor-element-5e0a16d elementor-widget elementor-widget-html\" data-id=\"5e0a16d\" data-element_type=\"widget\" data-widget_type=\"html.default\">\n\t\t\t\t<div class=\"elementor-widget-container\">\n\t\t\t\t\t<script>jQuery(document).ready(function(){\n        let windowWidth = jQuery(window).width();\n        let elementHeight = windowWidth \/ 3.35;\n        \n        jQuery(\"#hero-video\").height(elementHeight)\n    })\n<\/script>\t\t\t\t<\/div>\n\t\t\t\t<\/div>\n\t\t\t\t<\/div>\n\t\t<div class=\"elementor-element elementor-element-d219762 e-flex e-con-boxed e-con e-parent\" data-id=\"d219762\" data-element_type=\"container\">\n\t\t\t\t\t<div class=\"e-con-inner\">\n\t\t<div class=\"elementor-element elementor-element-96c43d5 e-con-full e-flex e-con e-child\" data-id=\"96c43d5\" data-element_type=\"container\">\n\t\t\t\t<div class=\"elementor-element elementor-element-95b6ac8 elementor-widget elementor-widget-heading\" data-id=\"95b6ac8\" data-element_type=\"widget\" data-widget_type=\"heading.default\">\n\t\t\t\t<div class=\"elementor-widget-container\">\n\t\t\t\t\t<h2 class=\"elementor-heading-title elementor-size-default\">Inovacija je<br>deo na\u0161eg<br>DNK-a<\/h2>\t\t\t\t<\/div>\n\t\t\t\t<\/div>\n\t\t\t\t<div class=\"elementor-element elementor-element-541b23f elementor-widget__width-initial elementor-widget elementor-widget-text-editor\" data-id=\"541b23f\" data-element_type=\"widget\" data-widget_type=\"text-editor.default\">\n\t\t\t\t<div class=\"elementor-widget-container\">\n\t\t\t\t\t\t\t\t\t<p>Sa vi\u0161e od 30 godina iskustva u farmaceutskom sektoru, Biessen Pharma je kompanija osnovana od strane tima profesionalaca ujedinjenih zajedni\u010dkim vrednostima, koja je uspela da otvori nove puteve ka unapre\u0111enju zdravlja i kvaliteta \u017eivota.<\/p>\n<p>Najbolje izra\u017eena kroz na\u0161 slogan \u201eCare for health. Care for the future\u201c, misija kompanije Biessen Pharma je da ponudi efikasne, sigurne i inovativne proizvode za zadovoljavanje savremenih potreba u prevenciji i le\u010denju u oblastima gastroenterologije, ginekologije, pedijatrije i ORL, doprinose\u0107i time unapre\u0111enju zdravlja i op\u0161teg stanja dobrobiti pacijenata.<\/p>\n<p>Vo\u0111ena izvrsno\u0161\u0107u i integritetom, ekipa BIESSEN Pharma ve\u0107 vi\u0161e od 30 godina gradi partnerstva sa renomiranim me\u0111unarodnim proizvo\u0111a\u010dima kako bi odabrala proizvode najvi\u0161eg kvaliteta i sigurnosti, proizvedene u skladu sa najvi\u0161im standardima dobre prakse u industriji.<\/p>\n<p>Danas je BIESSEN PHARMA grupa prisutna sa vi\u0161e od 20 brendova u 7 zemalja Centralne i Isto\u010dne Evrope, me\u0111u kojima su Rumunija, Bugarska i Srbija, i obezbe\u0111uje inovativna terapijska re\u0161enja visokog farmaceutskog kvaliteta za 45 miliona ljudi.<\/p>\n<p>Biraju\u0107i proizvode Biessen Pharma, pridru\u017eujete se zajednici u stalnom razvoju koja ceni vrednost zdravlja i dobrog stanja organizma.<\/p>\n<p><em>\u201eNeprekidno preuzimamo obavezu prema izvrsnosti i inovaciji i te\u017eimo da budemo pouzdan partner na va\u0161em putu ka optimalnom zdravlju. Nastavljamo put koji smo zapo\u010deli pre 30 godina \u2013 put \u010dinjenja dobra u zdravstvu.\u201c<\/em><\/p>\n<p><strong>Adrian Dumetrier \/ CEO<\/strong><\/p>\t\t\t\t\t\t\t\t<\/div>\n\t\t\t\t<\/div>\n\t\t\t\t<\/div>\n\t\t<div class=\"elementor-element elementor-element-7c011f9 e-con-full e-flex e-con e-child\" data-id=\"7c011f9\" data-element_type=\"container\" data-settings=\"{&quot;background_background&quot;:&quot;classic&quot;}\">\n\t\t\t\t<\/div>\n\t\t\t\t\t<\/div>\n\t\t\t\t<\/div>\n\t\t<div class=\"elementor-element elementor-element-7e6f7fc elementor-hidden-desktop elementor-hidden-tablet elementor-hidden-mobile e-flex e-con-boxed e-con e-parent\" data-id=\"7e6f7fc\" data-element_type=\"container\">\n\t\t\t\t\t<div class=\"e-con-inner\">\n\t\t<div class=\"elementor-element elementor-element-c5369ca e-con-full e-flex elementor-invisible e-con e-child\" data-id=\"c5369ca\" data-element_type=\"container\" data-settings=\"{&quot;animation&quot;:&quot;fadeInLeft&quot;}\">\n\t\t\t\t<div class=\"elementor-element elementor-element-826d8a9 elementor-widget elementor-widget-heading\" data-id=\"826d8a9\" data-element_type=\"widget\" data-widget_type=\"heading.default\">\n\t\t\t\t<div class=\"elementor-widget-container\">\n\t\t\t\t\t<h2 class=\"elementor-heading-title elementor-size-default\">POVESTEA NOASTR\u0102<\/h2>\t\t\t\t<\/div>\n\t\t\t\t<\/div>\n\t\t\t\t<div class=\"elementor-element elementor-element-9623600 elementor-widget elementor-widget-text-editor\" data-id=\"9623600\" data-element_type=\"widget\" data-widget_type=\"text-editor.default\">\n\t\t\t\t<div class=\"elementor-widget-container\">\n\t\t\t\t\t\t\t\t\t<p><strong>Biessen Pharma<\/strong> este o companie specializat\u0103 \u00een dezvoltarea de solu\u021bii pentru comercializarea \u0219i promovarea produselor de s\u0103n\u0103tate, dedicate \u00eembun\u0103t\u0103\u021birii calit\u0103\u021bii vie\u021bii pacien\u021bilor.<\/p>\t\t\t\t\t\t\t\t<\/div>\n\t\t\t\t<\/div>\n\t\t\t\t<div class=\"elementor-element elementor-element-daa7819 elementor-widget elementor-widget-text-editor\" data-id=\"daa7819\" data-element_type=\"widget\" data-widget_type=\"text-editor.default\">\n\t\t\t\t<div class=\"elementor-widget-container\">\n\t\t\t\t\t\t\t\t\t<p>Fondat\u0103 \u00een 1992, Biessen Pharma a fost printre primele companii care au introdus produse farmaceutice inovatoare, din Europa de Vest, \u00een \u021b\u0103rile din Europa Central\u0103 \u0219i de Est.<\/p>\t\t\t\t\t\t\t\t<\/div>\n\t\t\t\t<\/div>\n\t\t\t\t<div class=\"elementor-element elementor-element-1b5b3c6 elementor-widget elementor-widget-text-editor\" data-id=\"1b5b3c6\" data-element_type=\"widget\" data-widget_type=\"text-editor.default\">\n\t\t\t\t<div class=\"elementor-widget-container\">\n\t\t\t\t\t\t\t\t\t<p>Ax\u00e2ndu-se pe \u00eembun\u0103t\u0103\u021birea vie\u021bii pacien\u021bilor, Biessen Pharma a c\u00e2\u0219tigat at\u00e2t \u00eencrederea medicilor, c\u00e2t \u0219i a pacien\u021bilor.<\/p>\t\t\t\t\t\t\t\t<\/div>\n\t\t\t\t<\/div>\n\t\t\t\t<\/div>\n\t\t<div class=\"elementor-element elementor-element-2057b14 e-con-full e-flex elementor-invisible e-con e-child\" data-id=\"2057b14\" data-element_type=\"container\" data-settings=\"{&quot;background_background&quot;:&quot;classic&quot;,&quot;animation&quot;:&quot;fadeInRight&quot;}\">\n\t\t\t\t<div class=\"elementor-element elementor-element-04e4fc6 elementor-widget elementor-widget-spacer\" data-id=\"04e4fc6\" data-element_type=\"widget\" data-widget_type=\"spacer.default\">\n\t\t\t\t<div class=\"elementor-widget-container\">\n\t\t\t\t\t\t\t<div class=\"elementor-spacer\">\n\t\t\t<div class=\"elementor-spacer-inner\"><\/div>\n\t\t<\/div>\n\t\t\t\t\t\t<\/div>\n\t\t\t\t<\/div>\n\t\t\t\t<\/div>\n\t\t\t\t\t<\/div>\n\t\t\t\t<\/div>\n\t\t<div class=\"elementor-element elementor-element-e96cac8 elementor-hidden-desktop elementor-hidden-tablet elementor-hidden-mobile e-flex e-con-boxed e-con e-parent\" data-id=\"e96cac8\" data-element_type=\"container\">\n\t\t\t\t\t<div class=\"e-con-inner\">\n\t\t<div class=\"elementor-element elementor-element-ecfb4ea e-con-full e-flex elementor-invisible e-con e-child\" data-id=\"ecfb4ea\" data-element_type=\"container\" data-settings=\"{&quot;background_background&quot;:&quot;classic&quot;,&quot;animation&quot;:&quot;fadeInLeft&quot;}\">\n\t\t\t\t<div class=\"elementor-element elementor-element-0b0844b elementor-widget elementor-widget-spacer\" data-id=\"0b0844b\" data-element_type=\"widget\" data-widget_type=\"spacer.default\">\n\t\t\t\t<div class=\"elementor-widget-container\">\n\t\t\t\t\t\t\t<div class=\"elementor-spacer\">\n\t\t\t<div class=\"elementor-spacer-inner\"><\/div>\n\t\t<\/div>\n\t\t\t\t\t\t<\/div>\n\t\t\t\t<\/div>\n\t\t\t\t<\/div>\n\t\t<div class=\"elementor-element elementor-element-18cac73 e-con-full e-flex elementor-invisible e-con e-child\" data-id=\"18cac73\" data-element_type=\"container\" data-settings=\"{&quot;animation&quot;:&quot;fadeInRight&quot;}\">\n\t\t\t\t<div class=\"elementor-element elementor-element-fde9ba1 elementor-widget elementor-widget-heading\" data-id=\"fde9ba1\" data-element_type=\"widget\" data-widget_type=\"heading.default\">\n\t\t\t\t<div class=\"elementor-widget-container\">\n\t\t\t\t\t<h2 class=\"elementor-heading-title elementor-size-default\">MISIUNEA NOASTR\u0102<\/h2>\t\t\t\t<\/div>\n\t\t\t\t<\/div>\n\t\t\t\t<div class=\"elementor-element elementor-element-bbde9ab elementor-widget elementor-widget-text-editor\" data-id=\"bbde9ab\" data-element_type=\"widget\" data-widget_type=\"text-editor.default\">\n\t\t\t\t<div class=\"elementor-widget-container\">\n\t\t\t\t\t\t\t\t\t<ul><li>\u00cembun\u0103t\u0103\u021birea calit\u0103\u021bii vie\u021bii \u0219i asigurarea bun\u0103st\u0103rii pacien\u021bilor, oferind produse inovatoare \u0219i de calitate<\/li><li>Extinderea parteneriatelor cu companiile farmaceutice care doresc s\u0103 se dezvolte \u00een zon\u0103<\/li><li>Asigurarea unor servicii performante partenerilor de afaceri, datorit\u0103 expertizei \u0219i re\u021belei noastre<\/li><\/ul>\t\t\t\t\t\t\t\t<\/div>\n\t\t\t\t<\/div>\n\t\t\t\t<\/div>\n\t\t\t\t\t<\/div>\n\t\t\t\t<\/div>\n\t\t<div class=\"elementor-element elementor-element-caf0af9 elementor-hidden-desktop elementor-hidden-tablet elementor-hidden-mobile e-flex e-con-boxed e-con e-parent\" data-id=\"caf0af9\" data-element_type=\"container\">\n\t\t\t\t\t<div class=\"e-con-inner\">\n\t\t<div class=\"elementor-element elementor-element-1aef7c4 e-con-full e-flex elementor-invisible e-con e-child\" data-id=\"1aef7c4\" data-element_type=\"container\" data-settings=\"{&quot;animation&quot;:&quot;fadeInLeft&quot;}\">\n\t\t\t\t<div class=\"elementor-element elementor-element-a43e66e elementor-widget elementor-widget-heading\" data-id=\"a43e66e\" data-element_type=\"widget\" data-widget_type=\"heading.default\">\n\t\t\t\t<div class=\"elementor-widget-container\">\n\t\t\t\t\t<h2 class=\"elementor-heading-title elementor-size-default\">COMPETEN\u021aELE NOASTRE<\/h2>\t\t\t\t<\/div>\n\t\t\t\t<\/div>\n\t\t\t\t<div class=\"elementor-element elementor-element-3bf4490 elementor-widget elementor-widget-text-editor\" data-id=\"3bf4490\" data-element_type=\"widget\" data-widget_type=\"text-editor.default\">\n\t\t\t\t<div class=\"elementor-widget-container\">\n\t\t\t\t\t\t\t\t\t<p>Dorin\u021ba de a oferi pacien\u021bilor din Europa Central\u0103 \u0219i de Est acces la op\u021biunile terapeutice oferite de laboratoarele recunoscute din Europa de Vest a determinat grupul Biessen Pharma s\u0103 se extind\u0103 \u00een 7 \u021b\u0103ri, acoperind o popula\u021bie de 45 de milioane de locuitori. \u00cenc\u0103 de la fondarea sa \u00een 1992, grupul s-a extins prin \u00eenfiin\u021barea de filiale \u00een \u021b\u0103rile \u00een care produsele sale sunt distribuite. <\/p>\t\t\t\t\t\t\t\t<\/div>\n\t\t\t\t<\/div>\n\t\t\t\t<div class=\"elementor-element elementor-element-d924fa8 elementor-widget elementor-widget-text-editor\" data-id=\"d924fa8\" data-element_type=\"widget\" data-widget_type=\"text-editor.default\">\n\t\t\t\t<div class=\"elementor-widget-container\">\n\t\t\t\t\t\t\t\t\t<p>Aceast\u0103 structur\u0103, cu birouri opera\u021bionale \u00een fiecare \u021bar\u0103 \u021bint\u0103, ne-a oferit posibilitatea de a fi mai activi la nivel regional \u0219i de a oferi partenerilor servicii dedicate, care \u021bin cont de particularit\u0103\u021bile locale.<\/p>\t\t\t\t\t\t\t\t<\/div>\n\t\t\t\t<\/div>\n\t\t\t\t<\/div>\n\t\t<div class=\"elementor-element elementor-element-d442e65 e-con-full e-flex elementor-invisible e-con e-child\" data-id=\"d442e65\" data-element_type=\"container\" data-settings=\"{&quot;background_background&quot;:&quot;classic&quot;,&quot;animation&quot;:&quot;fadeInRight&quot;}\">\n\t\t\t\t<div class=\"elementor-element elementor-element-dbb4f65 elementor-widget elementor-widget-spacer\" data-id=\"dbb4f65\" data-element_type=\"widget\" data-widget_type=\"spacer.default\">\n\t\t\t\t<div class=\"elementor-widget-container\">\n\t\t\t\t\t\t\t<div class=\"elementor-spacer\">\n\t\t\t<div class=\"elementor-spacer-inner\"><\/div>\n\t\t<\/div>\n\t\t\t\t\t\t<\/div>\n\t\t\t\t<\/div>\n\t\t\t\t<\/div>\n\t\t\t\t\t<\/div>\n\t\t\t\t<\/div>\n\t\t<div class=\"elementor-element elementor-element-44df569 elementor-hidden-desktop elementor-hidden-tablet elementor-hidden-mobile e-flex e-con-boxed e-con e-parent\" data-id=\"44df569\" data-element_type=\"container\">\n\t\t\t\t\t<div class=\"e-con-inner\">\n\t\t<div class=\"elementor-element elementor-element-478b6fd e-con-full e-flex e-con e-child\" data-id=\"478b6fd\" data-element_type=\"container\" data-settings=\"{&quot;background_background&quot;:&quot;classic&quot;}\">\n\t\t\t\t<\/div>\n\t\t<div class=\"elementor-element elementor-element-c733c29 e-con-full e-flex e-con e-child\" data-id=\"c733c29\" data-element_type=\"container\" data-settings=\"{&quot;background_background&quot;:&quot;classic&quot;}\">\n\t\t\t\t<div class=\"elementor-element elementor-element-cf3f996 elementor-widget elementor-widget-text-editor\" data-id=\"cf3f996\" data-element_type=\"widget\" data-widget_type=\"text-editor.default\">\n\t\t\t\t<div class=\"elementor-widget-container\">\n\t\t\t\t\t\t\t\t\t<p>\u201cDe aproape 30 de ani, echipele Biessen Pharma au depus toate eforturile pentru a dep\u0103\u0219i limitele \u0219tiin\u021bei \u0219i inova\u021biei, pentru a \u00eembunat\u0103\u021bi s\u0103n\u0103tatea \u0219i bun\u0103starea pacien\u021bilor.\u201d<\/p>\t\t\t\t\t\t\t\t<\/div>\n\t\t\t\t<\/div>\n\t\t\t\t<div class=\"elementor-element elementor-element-89f107b elementor-widget elementor-widget-text-editor\" data-id=\"89f107b\" data-element_type=\"widget\" data-widget_type=\"text-editor.default\">\n\t\t\t\t<div class=\"elementor-widget-container\">\n\t\t\t\t\t\t\t\t\t<p>Adrian Dumetrier \/ CEO<\/p>\t\t\t\t\t\t\t\t<\/div>\n\t\t\t\t<\/div>\n\t\t\t\t<\/div>\n\t\t\t\t\t<\/div>\n\t\t\t\t<\/div>\n\t\t\t\t<\/div>\n\t\t","protected":false},"excerpt":{"rendered":"<p>Inovacija jedeo na\u0161egDNK-a Sa vi\u0161e od 30 godina iskustva u farmaceutskom sektoru, Biessen Pharma je kompanija osnovana od strane tima profesionalaca ujedinjenih zajedni\u010dkim vrednostima, koja je uspela da otvori nove puteve ka unapre\u0111enju zdravlja i kvaliteta \u017eivota. Najbolje izra\u017eena kroz na\u0161 slogan \u201eCare for health. Care for the future\u201c, misija kompanije Biessen Pharma je da [&hellip;]<\/p>\n","protected":false},"author":1,"featured_media":0,"parent":0,"menu_order":0,"comment_status":"closed","ping_status":"closed","template":"","meta":{"footnotes":""},"class_list":["post-2134","page","type-page","status-publish","hentry"],"_links":{"self":[{"href":"https:\/\/astenor.eu\/sr\/wp-json\/wp\/v2\/pages\/2134","targetHints":{"allow":["GET"]}}],"collection":[{"href":"https:\/\/astenor.eu\/sr\/wp-json\/wp\/v2\/pages"}],"about":[{"href":"https:\/\/astenor.eu\/sr\/wp-json\/wp\/v2\/types\/page"}],"author":[{"embeddable":true,"href":"https:\/\/astenor.eu\/sr\/wp-json\/wp\/v2\/users\/1"}],"replies":[{"embeddable":true,"href":"https:\/\/astenor.eu\/sr\/wp-json\/wp\/v2\/comments?post=2134"}],"version-history":[{"count":1,"href":"https:\/\/astenor.eu\/sr\/wp-json\/wp\/v2\/pages\/2134\/revisions"}],"predecessor-version":[{"id":2135,"href":"https:\/\/astenor.eu\/sr\/wp-json\/wp\/v2\/pages\/2134\/revisions\/2135"}],"wp:attachment":[{"href":"https:\/\/astenor.eu\/sr\/wp-json\/wp\/v2\/media?parent=2134"}],"curies":[{"name":"wp","href":"https:\/\/api.w.org\/{rel}","templated":true}]}}