{"id":2078,"date":"2025-04-15T10:41:02","date_gmt":"2025-04-15T10:41:02","guid":{"rendered":"https:\/\/astenor.eu\/pocetna\/"},"modified":"2026-01-13T09:36:53","modified_gmt":"2026-01-13T09:36:53","slug":"pocetna","status":"publish","type":"page","link":"https:\/\/astenor.eu\/sr\/","title":{"rendered":"Po\u010detna"},"content":{"rendered":"\t\t<div data-elementor-type=\"wp-page\" data-elementor-id=\"2078\" class=\"elementor elementor-2078 elementor-7\" data-elementor-post-type=\"page\">\n\t\t\t\t<div class=\"elementor-element elementor-element-a48a662 e-flex e-con-boxed e-con e-parent\" data-id=\"a48a662\" data-element_type=\"container\" id=\"hero-video\" data-settings=\"{&quot;background_background&quot;:&quot;video&quot;,&quot;background_video_link&quot;:&quot;https:\\\/\\\/www.youtube.com\\\/watch?v=FRx7_EKAGAM&quot;,&quot;background_play_on_mobile&quot;:&quot;yes&quot;,&quot;background_motion_fx_translateY_effect&quot;:&quot;yes&quot;,&quot;background_motion_fx_translateY_speed&quot;:{&quot;unit&quot;:&quot;px&quot;,&quot;size&quot;:4,&quot;sizes&quot;:[]},&quot;background_motion_fx_translateY_affectedRange&quot;:{&quot;unit&quot;:&quot;%&quot;,&quot;size&quot;:&quot;&quot;,&quot;sizes&quot;:{&quot;start&quot;:0,&quot;end&quot;:100}},&quot;background_motion_fx_devices&quot;:[&quot;desktop&quot;,&quot;tablet&quot;,&quot;mobile&quot;]}\">\n\t\t\t\t\t<div class=\"e-con-inner\">\n\t\t<div class=\"elementor-background-video-container\">\n\t\t\t\t\t\t\t<div class=\"elementor-background-video-embed\"><\/div>\n\t\t\t\t\t\t<\/div>\t\t<div class=\"elementor-element elementor-element-baf6fd1 elementor-widget elementor-widget-html\" data-id=\"baf6fd1\" data-element_type=\"widget\" data-widget_type=\"html.default\">\n\t\t\t\t<div class=\"elementor-widget-container\">\n\t\t\t\t\t<script>jQuery(document).ready(function(){\n        let windowWidth = jQuery(window).width();\n        let elementHeight = windowWidth \/ 3.17;\n        \n        jQuery(\"#hero-video\").height(elementHeight)\n    })\n<\/script>\t\t\t\t<\/div>\n\t\t\t\t<\/div>\n\t\t\t\t\t<\/div>\n\t\t\t\t<\/div>\n\t\t<div class=\"elementor-element elementor-element-0e8971f e-flex e-con-boxed e-con e-parent\" data-id=\"0e8971f\" data-element_type=\"container\">\n\t\t\t\t\t<div class=\"e-con-inner\">\n\t\t\t\t<div class=\"elementor-element elementor-element-11c2ec0 elementor-widget elementor-widget-heading\" data-id=\"11c2ec0\" data-element_type=\"widget\" data-widget_type=\"heading.default\">\n\t\t\t\t<div class=\"elementor-widget-container\">\n\t\t\t\t\t<h2 class=\"elementor-heading-title elementor-size-default\">ASTENOR linija proizvoda \u2013 potpuna podr\u0161ka za stimulisanje proizvodnje energije, oporavak i performanse <br><span style=\"font-weight:400;color:#f58024;font-size:24px\">Svaki proizvod je osmi\u0161ljen za stvarne potrebe, sa slo\u017eenim i efikasnim formulama, za pravovremeni \u201eboost\u201d koji se uklapa u tvoj stil \u017eivota.<\/span><\/h2>\t\t\t\t<\/div>\n\t\t\t\t<\/div>\n\t\t\t\t\t<\/div>\n\t\t\t\t<\/div>\n\t\t<div class=\"elementor-element elementor-element-946841b e-flex e-con-boxed e-con e-parent\" data-id=\"946841b\" data-element_type=\"container\">\n\t\t\t\t\t<div class=\"e-con-inner\">\n\t\t<div class=\"elementor-element elementor-element-e8a98e2 e-con-full e-flex elementor-invisible e-con e-child\" data-id=\"e8a98e2\" data-element_type=\"container\" data-settings=\"{&quot;animation&quot;:&quot;fadeInLeft&quot;}\">\n\t\t<div class=\"elementor-element elementor-element-a903146 e-con-full e-flex e-con e-child\" data-id=\"a903146\" data-element_type=\"container\" data-settings=\"{&quot;background_background&quot;:&quot;classic&quot;}\">\n\t\t\t\t<div class=\"elementor-element elementor-element-08eceac elementor-widget elementor-widget-image\" data-id=\"08eceac\" data-element_type=\"widget\" data-widget_type=\"image.default\">\n\t\t\t\t<div class=\"elementor-widget-container\">\n\t\t\t\t\t\t\t\t\t\t\t\t\t\t\t<img fetchpriority=\"high\" decoding=\"async\" width=\"326\" height=\"246\" src=\"https:\/\/astenor.eu\/wp-content\/uploads\/2025\/04\/Astenor-energy.png\" class=\"attachment-full size-full wp-image-1441\" alt=\"\" srcset=\"https:\/\/astenor.eu\/wp-content\/uploads\/2025\/04\/Astenor-energy.png 326w, https:\/\/astenor.eu\/wp-content\/uploads\/2025\/04\/Astenor-energy-300x226.png 300w\" sizes=\"(max-width: 326px) 100vw, 326px\" \/>\t\t\t\t\t\t\t\t\t\t\t\t\t\t\t<\/div>\n\t\t\t\t<\/div>\n\t\t\t\t<\/div>\n\t\t\t\t<div class=\"elementor-element elementor-element-8a79932 elementor-widget elementor-widget-image\" data-id=\"8a79932\" data-element_type=\"widget\" data-widget_type=\"image.default\">\n\t\t\t\t<div class=\"elementor-widget-container\">\n\t\t\t\t\t\t\t\t\t\t\t\t\t\t\t<img decoding=\"async\" width=\"410\" height=\"67\" src=\"https:\/\/astenor.eu\/wp-content\/uploads\/2025\/05\/3xenergy@3x.png\" class=\"attachment-full size-full wp-image-1804\" alt=\"\" srcset=\"https:\/\/astenor.eu\/wp-content\/uploads\/2025\/05\/3xenergy@3x.png 410w, https:\/\/astenor.eu\/wp-content\/uploads\/2025\/05\/3xenergy@3x-300x49.png 300w\" sizes=\"(max-width: 410px) 100vw, 410px\" \/>\t\t\t\t\t\t\t\t\t\t\t\t\t\t\t<\/div>\n\t\t\t\t<\/div>\n\t\t\t\t<div class=\"elementor-element elementor-element-2b2be89 elementor-widget elementor-widget-text-editor\" data-id=\"2b2be89\" data-element_type=\"widget\" data-widget_type=\"text-editor.default\">\n\t\t\t\t<div class=\"elementor-widget-container\">\n\t\t\t\t\t\t\t\t\t<p><strong>Astenor Energy ti pru\u017ea energiju potrebnu za sve \u0161to ti je va\u017eno \u2013 od posla do hobija, od svakodnevnih izazova p\u00e2n\u0103 la momente de relaxare.<\/strong><\/p><p>Podr\u017eava telo upravo tamo gde mu je najpotrebnije: u izvoru. Sa formulom koja poma\u017ee funkciji jetre, Astenor doprinosi stabilnom tonusu i trajnom ose\u0107aju blagostanja.<br>Nije re\u010d samo o vi\u0161e energije \u2013 ve\u0107 o energiji sa smislom.  <\/p>\t\t\t\t\t\t\t\t<\/div>\n\t\t\t\t<\/div>\n\t\t\t\t<div class=\"elementor-element elementor-element-a99fab6 elementor-align-justify elementor-widget__width-initial elementor-widget elementor-widget-button\" data-id=\"a99fab6\" data-element_type=\"widget\" data-widget_type=\"button.default\">\n\t\t\t\t<div class=\"elementor-widget-container\">\n\t\t\t\t\t\t\t\t\t<div class=\"elementor-button-wrapper\">\n\t\t\t\t\t<a class=\"elementor-button elementor-button-link elementor-size-sm\" href=\"https:\/\/astenor.eu\/sr\/gama-produse\/#energy\">\n\t\t\t\t\t\t<span class=\"elementor-button-content-wrapper\">\n\t\t\t\t\t\t\t\t\t<span class=\"elementor-button-text\">Chitai vi\u0219e<\/span>\n\t\t\t\t\t<\/span>\n\t\t\t\t\t<\/a>\n\t\t\t\t<\/div>\n\t\t\t\t\t\t\t\t<\/div>\n\t\t\t\t<\/div>\n\t\t\t\t<\/div>\n\t\t<div class=\"elementor-element elementor-element-41ce8b6 e-con-full e-flex elementor-invisible e-con e-child\" data-id=\"41ce8b6\" data-element_type=\"container\" data-settings=\"{&quot;animation&quot;:&quot;fadeInUp&quot;}\">\n\t\t<div class=\"elementor-element elementor-element-1d50471 e-con-full e-flex e-con e-child\" data-id=\"1d50471\" data-element_type=\"container\" data-settings=\"{&quot;background_background&quot;:&quot;classic&quot;}\">\n\t\t\t\t<div class=\"elementor-element elementor-element-281546a elementor-widget elementor-widget-image\" data-id=\"281546a\" data-element_type=\"widget\" data-widget_type=\"image.default\">\n\t\t\t\t<div class=\"elementor-widget-container\">\n\t\t\t\t\t\t\t\t\t\t\t\t\t\t\t<img decoding=\"async\" width=\"344\" height=\"220\" src=\"https:\/\/astenor.eu\/wp-content\/uploads\/2025\/04\/Astenor-forte.png\" class=\"attachment-full size-full wp-image-1444\" alt=\"\" srcset=\"https:\/\/astenor.eu\/wp-content\/uploads\/2025\/04\/Astenor-forte.png 344w, https:\/\/astenor.eu\/wp-content\/uploads\/2025\/04\/Astenor-forte-300x192.png 300w\" sizes=\"(max-width: 344px) 100vw, 344px\" \/>\t\t\t\t\t\t\t\t\t\t\t\t\t\t\t<\/div>\n\t\t\t\t<\/div>\n\t\t\t\t<\/div>\n\t\t\t\t<div class=\"elementor-element elementor-element-494657a elementor-widget elementor-widget-image\" data-id=\"494657a\" data-element_type=\"widget\" data-widget_type=\"image.default\">\n\t\t\t\t<div class=\"elementor-widget-container\">\n\t\t\t\t\t\t\t\t\t\t\t\t\t\t\t<img loading=\"lazy\" decoding=\"async\" width=\"374\" height=\"66\" src=\"https:\/\/astenor.eu\/wp-content\/uploads\/2025\/05\/3xforte@3x.png\" class=\"attachment-full size-full wp-image-1807\" alt=\"\" srcset=\"https:\/\/astenor.eu\/wp-content\/uploads\/2025\/05\/3xforte@3x.png 374w, https:\/\/astenor.eu\/wp-content\/uploads\/2025\/05\/3xforte@3x-300x53.png 300w\" sizes=\"(max-width: 374px) 100vw, 374px\" \/>\t\t\t\t\t\t\t\t\t\t\t\t\t\t\t<\/div>\n\t\t\t\t<\/div>\n\t\t\t\t<div class=\"elementor-element elementor-element-781bde7 elementor-widget elementor-widget-text-editor\" data-id=\"781bde7\" data-element_type=\"widget\" data-widget_type=\"text-editor.default\">\n\t\t\t\t<div class=\"elementor-widget-container\">\n\t\t\t\t\t\t\t\t\t<p><strong>Kada ose\u0107a\u0161 da te fizi\u010dki ili psihi\u010dki umor usporava, Astenor Forte deluje tamo gde ti je najpotrebnije: u oporavku, mentalnoj jasno\u0107i i usmerenoj energiji.<\/strong><\/p><p>Podr\u017eava mi\u0161i\u0107nu funkciju i poma\u017ee ti da povrati\u0161 unutra\u0161nju snagu \u2013 fizi\u010dku i mentalnu.<br>Sa aktivnim na\u010dinom razmi\u0161ljanja i pravim resursima, mo\u017ee\u0161 se br\u017ee vratiti u igru.<br>Uz Astenor Forte, oporavak postaje deo napretka.  <\/p>\t\t\t\t\t\t\t\t<\/div>\n\t\t\t\t<\/div>\n\t\t\t\t<div class=\"elementor-element elementor-element-a7e4538 elementor-align-justify elementor-widget__width-initial elementor-widget elementor-widget-button\" data-id=\"a7e4538\" data-element_type=\"widget\" data-widget_type=\"button.default\">\n\t\t\t\t<div class=\"elementor-widget-container\">\n\t\t\t\t\t\t\t\t\t<div class=\"elementor-button-wrapper\">\n\t\t\t\t\t<a class=\"elementor-button elementor-button-link elementor-size-sm\" href=\"https:\/\/astenor.eu\/sr\/gama-produse\/#forte\">\n\t\t\t\t\t\t<span class=\"elementor-button-content-wrapper\">\n\t\t\t\t\t\t\t\t\t<span class=\"elementor-button-text\">Chitai vi\u0219e<\/span>\n\t\t\t\t\t<\/span>\n\t\t\t\t\t<\/a>\n\t\t\t\t<\/div>\n\t\t\t\t\t\t\t\t<\/div>\n\t\t\t\t<\/div>\n\t\t\t\t<\/div>\n\t\t<div class=\"elementor-element elementor-element-ccf43ce e-con-full e-flex elementor-invisible e-con e-child\" data-id=\"ccf43ce\" data-element_type=\"container\" data-settings=\"{&quot;animation&quot;:&quot;fadeInRight&quot;}\">\n\t\t<div class=\"elementor-element elementor-element-df737ca e-con-full e-flex e-con e-child\" data-id=\"df737ca\" data-element_type=\"container\" data-settings=\"{&quot;background_background&quot;:&quot;classic&quot;}\">\n\t\t\t\t<div class=\"elementor-element elementor-element-e0316ab elementor-widget elementor-widget-image\" data-id=\"e0316ab\" data-element_type=\"widget\" data-widget_type=\"image.default\">\n\t\t\t\t<div class=\"elementor-widget-container\">\n\t\t\t\t\t\t\t\t\t\t\t\t\t\t\t<img loading=\"lazy\" decoding=\"async\" width=\"427\" height=\"217\" src=\"https:\/\/astenor.eu\/wp-content\/uploads\/2025\/04\/Astenor-perform.png\" class=\"attachment-full size-full wp-image-1447\" alt=\"\" srcset=\"https:\/\/astenor.eu\/wp-content\/uploads\/2025\/04\/Astenor-perform.png 427w, https:\/\/astenor.eu\/wp-content\/uploads\/2025\/04\/Astenor-perform-300x152.png 300w\" sizes=\"(max-width: 427px) 100vw, 427px\" \/>\t\t\t\t\t\t\t\t\t\t\t\t\t\t\t<\/div>\n\t\t\t\t<\/div>\n\t\t\t\t<\/div>\n\t\t\t\t<div class=\"elementor-element elementor-element-ed2f7a3 elementor-widget elementor-widget-image\" data-id=\"ed2f7a3\" data-element_type=\"widget\" data-widget_type=\"image.default\">\n\t\t\t\t<div class=\"elementor-widget-container\">\n\t\t\t\t\t\t\t\t\t\t\t\t\t\t\t<img loading=\"lazy\" decoding=\"async\" width=\"436\" height=\"66\" src=\"https:\/\/astenor.eu\/wp-content\/uploads\/2025\/05\/3xperform@3x.png\" class=\"attachment-full size-full wp-image-1801\" alt=\"\" srcset=\"https:\/\/astenor.eu\/wp-content\/uploads\/2025\/05\/3xperform@3x.png 436w, https:\/\/astenor.eu\/wp-content\/uploads\/2025\/05\/3xperform@3x-300x45.png 300w\" sizes=\"(max-width: 436px) 100vw, 436px\" \/>\t\t\t\t\t\t\t\t\t\t\t\t\t\t\t<\/div>\n\t\t\t\t<\/div>\n\t\t\t\t<div class=\"elementor-element elementor-element-6922ec3 elementor-widget elementor-widget-text-editor\" data-id=\"6922ec3\" data-element_type=\"widget\" data-widget_type=\"text-editor.default\">\n\t\t\t\t<div class=\"elementor-widget-container\">\n\t\t\t\t\t\t\t\t\t<p><strong>Prava performansa po\u010dinje iznutra. Astenor Perform podr\u017eava telo tamo gde je najva\u017enije: u digestivnoj ravnote\u017ei, izdr\u017eljivosti \u0219i mentalnoj jasno\u0107i. <\/strong><\/p><p>Podr\u017eava optimalnu apsorpciju hranljivih materija i ima tonizuju\u0107e dejstvo, doprinose\u0107i detoksikaciji i poma\u017eu\u0107i ti da zadr\u017ei\u0161 energiju \u010dak i u trenucima intenzivnog napora \u2013 bilo da je re\u010d o sportu ili mentalnoj aktivnosti.<br>Za one koji svakog dana tra\u017ee vi\u0161e od sebe. <\/p>\t\t\t\t\t\t\t\t<\/div>\n\t\t\t\t<\/div>\n\t\t\t\t<div class=\"elementor-element elementor-element-e364449 elementor-align-justify elementor-widget__width-initial elementor-widget elementor-widget-button\" data-id=\"e364449\" data-element_type=\"widget\" data-widget_type=\"button.default\">\n\t\t\t\t<div class=\"elementor-widget-container\">\n\t\t\t\t\t\t\t\t\t<div class=\"elementor-button-wrapper\">\n\t\t\t\t\t<a class=\"elementor-button elementor-button-link elementor-size-sm\" href=\"https:\/\/astenor.eu\/sr\/gama-produse\/#perform\">\n\t\t\t\t\t\t<span class=\"elementor-button-content-wrapper\">\n\t\t\t\t\t\t\t\t\t<span class=\"elementor-button-text\">Chitai vi\u0219e<\/span>\n\t\t\t\t\t<\/span>\n\t\t\t\t\t<\/a>\n\t\t\t\t<\/div>\n\t\t\t\t\t\t\t\t<\/div>\n\t\t\t\t<\/div>\n\t\t\t\t<\/div>\n\t\t\t\t\t<\/div>\n\t\t\t\t<\/div>\n\t\t<div class=\"elementor-element elementor-element-4f5b021 e-flex e-con-boxed e-con e-parent\" data-id=\"4f5b021\" data-element_type=\"container\">\n\t\t\t\t\t<div class=\"e-con-inner\">\n\t\t\t\t<div class=\"elementor-element elementor-element-0601c8f elementor-widget elementor-widget-template\" data-id=\"0601c8f\" data-element_type=\"widget\" data-widget_type=\"template.default\">\n\t\t\t\t<div class=\"elementor-widget-container\">\n\t\t\t\t\t\t\t<div class=\"elementor-template\">\n\t\t\t\t\t<div data-elementor-type=\"section\" data-elementor-id=\"72\" class=\"elementor elementor-72\" data-elementor-post-type=\"elementor_library\">\n\t\t\t<div class=\"elementor-element elementor-element-379f652 e-con-full e-flex e-con e-parent\" data-id=\"379f652\" data-element_type=\"container\">\n\t\t<div class=\"elementor-element elementor-element-5a2766d e-con-full e-flex e-con e-child\" data-id=\"5a2766d\" data-element_type=\"container\" data-settings=\"{&quot;background_background&quot;:&quot;classic&quot;}\">\n\t\t\t\t<div class=\"elementor-element elementor-element-67f6119 elementor-widget elementor-widget-heading\" data-id=\"67f6119\" data-element_type=\"widget\" data-widget_type=\"heading.default\">\n\t\t\t\t<div class=\"elementor-widget-container\">\n\t\t\t\t\t<h2 class=\"elementor-heading-title elementor-size-default\">Nu e\u0219ti sigur ce produs <br>\u021bi se potriveste?<\/h2>\t\t\t\t<\/div>\n\t\t\t\t<\/div>\n\t\t\t\t<div class=\"elementor-element elementor-element-eda7331 elementor-align-justify elementor-widget__width-initial elementor-widget elementor-widget-button\" data-id=\"eda7331\" data-element_type=\"widget\" data-widget_type=\"button.default\">\n\t\t\t\t<div class=\"elementor-widget-container\">\n\t\t\t\t\t\t\t\t\t<div class=\"elementor-button-wrapper\">\n\t\t\t\t\t<a class=\"elementor-button elementor-button-link elementor-size-sm\" href=\"\/quiz-astenor\/\">\n\t\t\t\t\t\t<span class=\"elementor-button-content-wrapper\">\n\t\t\t\t\t\t\t\t\t<span class=\"elementor-button-text\">F\u0103-\u021bi testul Astenor<\/span>\n\t\t\t\t\t<\/span>\n\t\t\t\t\t<\/a>\n\t\t\t\t<\/div>\n\t\t\t\t\t\t\t\t<\/div>\n\t\t\t\t<\/div>\n\t\t\t\t<\/div>\n\t\t<div class=\"elementor-element elementor-element-61a02f5 e-con-full e-flex e-con e-child\" data-id=\"61a02f5\" data-element_type=\"container\" data-settings=\"{&quot;background_background&quot;:&quot;classic&quot;}\">\n\t\t\t\t<\/div>\n\t\t\t\t<\/div>\n\t\t\t\t<\/div>\n\t\t\t\t<\/div>\n\t\t\t\t\t\t<\/div>\n\t\t\t\t<\/div>\n\t\t\t\t\t<\/div>\n\t\t\t\t<\/div>\n\t\t\t\t<\/div>\n\t\t","protected":false},"excerpt":{"rendered":"<p>ASTENOR linija proizvoda \u2013 potpuna podr\u0161ka za stimulisanje proizvodnje energije, oporavak i performanse Svaki proizvod je osmi\u0161ljen za stvarne potrebe, sa slo\u017eenim i efikasnim formulama, za pravovremeni \u201eboost\u201d koji se uklapa u tvoj stil \u017eivota. Astenor Energy ti pru\u017ea energiju potrebnu za sve \u0161to ti je va\u017eno \u2013 od posla do hobija, od svakodnevnih izazova [&hellip;]<\/p>\n","protected":false},"author":1,"featured_media":0,"parent":0,"menu_order":0,"comment_status":"closed","ping_status":"closed","template":"","meta":{"footnotes":""},"class_list":["post-2078","page","type-page","status-publish","hentry"],"_links":{"self":[{"href":"https:\/\/astenor.eu\/sr\/wp-json\/wp\/v2\/pages\/2078","targetHints":{"allow":["GET"]}}],"collection":[{"href":"https:\/\/astenor.eu\/sr\/wp-json\/wp\/v2\/pages"}],"about":[{"href":"https:\/\/astenor.eu\/sr\/wp-json\/wp\/v2\/types\/page"}],"author":[{"embeddable":true,"href":"https:\/\/astenor.eu\/sr\/wp-json\/wp\/v2\/users\/1"}],"replies":[{"embeddable":true,"href":"https:\/\/astenor.eu\/sr\/wp-json\/wp\/v2\/comments?post=2078"}],"version-history":[{"count":8,"href":"https:\/\/astenor.eu\/sr\/wp-json\/wp\/v2\/pages\/2078\/revisions"}],"predecessor-version":[{"id":2162,"href":"https:\/\/astenor.eu\/sr\/wp-json\/wp\/v2\/pages\/2078\/revisions\/2162"}],"wp:attachment":[{"href":"https:\/\/astenor.eu\/sr\/wp-json\/wp\/v2\/media?parent=2078"}],"curies":[{"name":"wp","href":"https:\/\/api.w.org\/{rel}","templated":true}]}}