{"id":2101,"date":"2025-04-15T11:31:04","date_gmt":"2025-04-15T11:31:04","guid":{"rendered":"https:\/\/astenor.eu\/%d0%b7%d0%b0-%d0%bd%d0%b0%d1%81\/"},"modified":"2025-11-13T13:27:59","modified_gmt":"2025-11-13T13:27:59","slug":"%d0%b7%d0%b0-%d0%bd%d0%b0%d1%81","status":"publish","type":"page","link":"https:\/\/astenor.eu\/bg\/%d0%b7%d0%b0-%d0%bd%d0%b0%d1%81\/","title":{"rendered":"\u0417\u0430 \u043d\u0430\u0441"},"content":{"rendered":"\t\t<div data-elementor-type=\"wp-page\" data-elementor-id=\"2101\" class=\"elementor elementor-2101 elementor-27\" data-elementor-post-type=\"page\">\n\t\t\t\t<div class=\"elementor-element elementor-element-2ba5fe0 e-con-full e-flex e-con e-parent\" data-id=\"2ba5fe0\" data-element_type=\"container\" id=\"hero-video\" data-settings=\"{&quot;background_background&quot;:&quot;video&quot;,&quot;background_video_link&quot;:&quot;https:\\\/\\\/www.youtube.com\\\/watch?v=T5i7GEX8w58&quot;,&quot;background_play_on_mobile&quot;:&quot;yes&quot;,&quot;background_motion_fx_devices&quot;:[&quot;desktop&quot;,&quot;tablet&quot;,&quot;mobile&quot;]}\">\n\t\t<div class=\"elementor-background-video-container\">\n\t\t\t\t\t\t\t<div class=\"elementor-background-video-embed\"><\/div>\n\t\t\t\t\t\t<\/div>\t\t<div class=\"elementor-element elementor-element-5e0a16d elementor-widget elementor-widget-html\" data-id=\"5e0a16d\" data-element_type=\"widget\" data-widget_type=\"html.default\">\n\t\t\t\t<div class=\"elementor-widget-container\">\n\t\t\t\t\t<script>jQuery(document).ready(function(){\n        let windowWidth = jQuery(window).width();\n        let elementHeight = windowWidth \/ 3.35;\n        \n        jQuery(\"#hero-video\").height(elementHeight)\n    })\n<\/script>\t\t\t\t<\/div>\n\t\t\t\t<\/div>\n\t\t\t\t<\/div>\n\t\t<div class=\"elementor-element elementor-element-d219762 e-flex e-con-boxed e-con e-parent\" data-id=\"d219762\" data-element_type=\"container\">\n\t\t\t\t\t<div class=\"e-con-inner\">\n\t\t<div class=\"elementor-element elementor-element-96c43d5 e-con-full e-flex e-con e-child\" data-id=\"96c43d5\" data-element_type=\"container\">\n\t\t\t\t<div class=\"elementor-element elementor-element-95b6ac8 elementor-widget elementor-widget-heading\" data-id=\"95b6ac8\" data-element_type=\"widget\" data-widget_type=\"heading.default\">\n\t\t\t\t<div class=\"elementor-widget-container\">\n\t\t\t\t\t<h2 class=\"elementor-heading-title elementor-size-default\">\u0418\u043d\u043e\u0432\u0430\u0446\u0438\u0438\u0442\u0435 \u0441\u0430 \u0447\u0430\u0441\u0442 \u043e\u0442 \u043d\u0430\u0448\u0435\u0442\u043e \u0414\u041d\u041a<\/h2>\t\t\t\t<\/div>\n\t\t\t\t<\/div>\n\t\t\t\t<div class=\"elementor-element elementor-element-541b23f elementor-widget__width-initial elementor-widget elementor-widget-text-editor\" data-id=\"541b23f\" data-element_type=\"widget\" data-widget_type=\"text-editor.default\">\n\t\t\t\t<div class=\"elementor-widget-container\">\n\t\t\t\t\t\t\t\t\t<p>\u0421 \u043d\u0430\u0434 30 \u0433\u043e\u0434\u0438\u043d\u0438 \u043e\u043f\u0438\u0442 \u0432\u044a\u0432 \u0444\u0430\u0440\u043c\u0430\u0446\u0435\u0432\u0442\u0438\u0447\u043d\u0430\u0442\u0430 \u043e\u0431\u043b\u0430\u0441\u0442, Biessen Pharma \u0435 \u043a\u043e\u043c\u043f\u0430\u043d\u0438\u044f, \u043e\u0441\u043d\u043e\u0432\u0430\u043d\u0430 \u043e\u0442 \u0435\u043a\u0438\u043f \u043e\u0442 \u043f\u0440\u043e\u0444\u0435\u0441\u0438\u043e\u043d\u0430\u043b\u0438\u0441\u0442\u0438, \u043e\u0431\u0435\u0434\u0438\u043d\u0435\u043d\u0438 \u043e\u0442 \u043e\u0431\u0449\u0438 \u0446\u0435\u043d\u043d\u043e\u0441\u0442\u0438, \u043a\u043e\u0439\u0442\u043e \u0443\u0441\u043f\u044f \u0434\u0430 \u043e\u0442\u043a\u0440\u0438\u0435 \u043d\u043e\u0432\u0438 \u043f\u044a\u0442\u0438\u0449\u0430 \u0437\u0430 \u043f\u043e\u0434\u043e\u0431\u0440\u044f\u0432\u0430\u043d\u0435 \u043d\u0430 \u0437\u0434\u0440\u0430\u0432\u0435\u0442\u043e \u0438 \u043a\u0430\u0447\u0435\u0441\u0442\u0432\u043e\u0442\u043e \u043d\u0430 \u0436\u0438\u0432\u043e\u0442.<\/p>\n<p>\u041d\u0430\u0439-\u0434\u043e\u0431\u0440\u0435 \u0438\u0437\u0440\u0430\u0437\u0435\u043d\u0430 \u043e\u0442 \u043d\u0430\u0448\u0438\u044f \u0441\u043b\u043e\u0433\u0430\u043d \u201e\u0413\u0440\u0438\u0436\u0430 \u0437\u0430 \u0437\u0434\u0440\u0430\u0432\u0435\u0442\u043e. \u0413\u0440\u0438\u0436\u0430 \u0437\u0430 \u0431\u044a\u0434\u0435\u0449\u0435\u0442\u043e\u201c, \u043c\u0438\u0441\u0438\u044f\u0442\u0430 \u043d\u0430 Biessen Pharma \u0435 \u0434\u0430 \u043f\u0440\u0435\u0434\u043e\u0441\u0442\u0430\u0432\u044f \u0435\u0444\u0438\u043a\u0430\u0441\u043d\u0438, \u0431\u0435\u0437\u043e\u043f\u0430\u0441\u043d\u0438 \u0438 \u0438\u043d\u043e\u0432\u0430\u0442\u0438\u0432\u043d\u0438 \u043f\u0440\u043e\u0434\u0443\u043a\u0442\u0438, \u043a\u043e\u0438\u0442\u043e \u0434\u0430 \u043e\u0442\u0433\u043e\u0432\u0430\u0440\u044f\u0442 \u043d\u0430 \u0441\u044a\u0432\u0440\u0435\u043c\u0435\u043d\u043d\u0438\u0442\u0435 \u043d\u0443\u0436\u0434\u0438 \u0437\u0430 \u043f\u0440\u0435\u0432\u0435\u043d\u0446\u0438\u044f \u0438 \u043b\u0435\u0447\u0435\u043d\u0438\u0435 \u0432 \u0433\u0430\u0441\u0442\u0440\u043e\u0435\u043d\u0442\u0435\u0440\u043e\u043b\u043e\u0433\u0438\u044f\u0442\u0430, \u0433\u0438\u043d\u0435\u043a\u043e\u043b\u043e\u0433\u0438\u044f\u0442\u0430, \u043f\u0435\u0434\u0438\u0430\u0442\u0440\u0438\u044f\u0442\u0430, \u0423\u041d\u0413, \u043a\u0430\u0442\u043e \u043f\u043e \u0442\u043e\u0437\u0438 \u043d\u0430\u0447\u0438\u043d \u043f\u043e\u0434\u043e\u0431\u0440\u044f\u0432\u0430 \u0437\u0434\u0440\u0430\u0432\u0435\u0442\u043e \u0438 \u043e\u0431\u0449\u043e\u0442\u043e \u0431\u043b\u0430\u0433\u043e\u0441\u044a\u0441\u0442\u043e\u044f\u043d\u0438\u0435 \u043d\u0430 \u043f\u0430\u0446\u0438\u0435\u043d\u0442\u0438\u0442\u0435.<\/p>\n<p>\u0412\u043e\u0434\u0435\u043d \u043e\u0442 \u0432\u0438\u0441\u043e\u043a\u0438 \u043f\u043e\u0441\u0442\u0438\u0436\u0435\u043d\u0438\u044f \u0438 \u043f\u043e\u0447\u0442\u0435\u043d\u043e\u0441\u0442, \u0435\u043a\u0438\u043f\u044a\u0442 \u043d\u0430 BIESSEN Pharma \u0438\u0437\u0433\u0440\u0430\u0436\u0434\u0430 \u043f\u0430\u0440\u0442\u043d\u044c\u043e\u0440\u0441\u0442\u0432\u0430 \u0441 \u043c\u0435\u0436\u0434\u0443\u043d\u0430\u0440\u043e\u0434\u043d\u0438 \u043f\u0440\u043e\u0438\u0437\u0432\u043e\u0434\u0438\u0442\u0435\u043b\u0438 \u0441 \u0442\u0440\u0430\u0434\u0438\u0446\u0438\u044f \u043e\u0442 \u043d\u0430\u0434 30 \u0433\u043e\u0434\u0438\u043d\u0438, \u0437\u0430 \u0434\u0430 \u0438\u0437\u0431\u0438\u0440\u0430 \u043d\u0430\u0439-\u0434\u043e\u0431\u0440\u0438\u0442\u0435 \u043f\u0440\u043e\u0434\u0443\u043a\u0442\u0438 \u043f\u043e \u043e\u0442\u043d\u043e\u0448\u0435\u043d\u0438\u0435 \u043d\u0430 \u043a\u0430\u0447\u0435\u0441\u0442\u0432\u043e \u0438 \u0431\u0435\u0437\u043e\u043f\u0430\u0441\u043d\u043e\u0441\u0442, \u043f\u0440\u043e\u0438\u0437\u0432\u0435\u0434\u0435\u043d\u0438 \u043f\u043e \u043d\u0430\u0439-\u0432\u0438\u0441\u043e\u043a\u0438\u0442\u0435 \u0441\u0442\u0430\u043d\u0434\u0430\u0440\u0442\u0438 \u043d\u0430 \u0434\u043e\u0431\u0440\u0438\u0442\u0435 \u0438\u043d\u0434\u0443\u0441\u0442\u0440\u0438\u0430\u043b\u043d\u0438 \u043f\u0440\u0430\u043a\u0442\u0438\u043a\u0438.<\/p>\n<p>\u0414\u043d\u0435\u0441 \u0433\u0440\u0443\u043f\u0430\u0442\u0430 BIESSEN PHARMA \u043f\u0440\u0438\u0441\u044a\u0441\u0442\u0432\u0430 \u0441 \u043d\u0430\u0434 20 \u043c\u0430\u0440\u043a\u0438 \u0432 7 \u0441\u0442\u0440\u0430\u043d\u0438 \u0432 \u0426\u0435\u043d\u0442\u0440\u0430\u043b\u043d\u0430 \u0438 \u0418\u0437\u0442\u043e\u0447\u043d\u0430 \u0415\u0432\u0440\u043e\u043f\u0430, \u0432\u043a\u043b\u044e\u0447\u0438\u0442\u0435\u043b\u043d\u043e \u0420\u0443\u043c\u044a\u043d\u0438\u044f, \u0411\u044a\u043b\u0433\u0430\u0440\u0438\u044f, \u0421\u044a\u0440\u0431\u0438\u044f, \u0438 \u043f\u0440\u0435\u0434\u043e\u0441\u0442\u0430\u0432\u044f \u043d\u0430 45 \u043c\u0438\u043b\u0438\u043e\u043d\u0430 \u0434\u0443\u0448\u0438 \u0438\u043d\u043e\u0432\u0430\u0442\u0438\u0432\u043d\u0438 \u0442\u0435\u0440\u0430\u043f\u0435\u0432\u0442\u0438\u0447\u043d\u0438 \u0440\u0435\u0448\u0435\u043d\u0438\u044f \u0438 \u0432\u0438\u0441\u043e\u043a\u043e \u0444\u0430\u0440\u043c\u0430\u0446\u0435\u0432\u0442\u0438\u0447\u043d\u043e \u043a\u0430\u0447\u0435\u0441\u0442\u0432\u043e.<\/p>\n<p>\u0418\u0437\u0431\u0438\u0440\u0430\u0439\u043a\u0438 \u043f\u0440\u043e\u0434\u0443\u043a\u0442\u0438\u0442\u0435 \u043d\u0430 Biessen Pharma, \u0432\u0438\u0435 \u0441\u0435 \u043f\u0440\u0438\u0441\u044a\u0435\u0434\u0438\u043d\u044f\u0432\u0430\u0442\u0435 \u043a\u044a\u043c \u043f\u043e\u0441\u0442\u043e\u044f\u043d\u043d\u043e \u0440\u0430\u0437\u0432\u0438\u0432\u0430\u0449\u0430 \u0441\u0435 \u043e\u0431\u0449\u043d\u043e\u0441\u0442, \u043a\u043e\u044f\u0442\u043e \u0446\u0435\u043d\u0438 \u0437\u0434\u0440\u0430\u0432\u0435\u0442\u043e \u0438 \u0431\u043b\u0430\u0433\u043e\u043f\u043e\u043b\u0443\u0447\u0438\u0435\u0442\u043e.<\/p>\n<p><em>\u201e\u041d\u0438\u0435 \u0441\u043c\u0435 \u0442\u0440\u0430\u0439\u043d\u043e \u0430\u043d\u0433\u0430\u0436\u0438\u0440\u0430\u043d\u0438 \u0441 \u0432\u0438\u0441\u043e\u043a\u0438 \u043f\u043e\u0441\u0442\u0438\u0436\u0435\u043d\u0438\u044f \u0438 \u0438\u043d\u043e\u0432\u0430\u0446\u0438\u0438 \u0438 \u0441\u0435 \u0441\u0442\u0440\u0435\u043c\u0438\u043c \u0434\u0430 \u0431\u044a\u0434\u0435\u043c \u0434\u043e\u0432\u0435\u0440\u0435\u043d \u043f\u0430\u0440\u0442\u043d\u044c\u043e\u0440 \u0432\u044a\u0432 \u0432\u0430\u0448\u0435\u0442\u043e \u043f\u044a\u0442\u0443\u0432\u0430\u043d\u0435 \u043a\u044a\u043c \u043e\u043f\u0442\u0438\u043c\u0430\u043b\u043d\u043e \u0437\u0434\u0440\u0430\u0432\u0435. \u041f\u0440\u043e\u0434\u044a\u043b\u0436\u0430\u0432\u0430\u043c\u0435 \u043f\u044a\u0442\u044f, \u043a\u043e\u0439\u0442\u043e \u0437\u0430\u043f\u043e\u0447\u043d\u0430\u0445\u043c\u0435 \u043f\u0440\u0435\u0434\u0438 30 \u0433\u043e\u0434\u0438\u043d\u0438 \u2013 \u0434\u0430 \u043f\u0440\u0430\u0432\u0438\u043c \u0414\u041e\u0411\u0420\u041e \u0432 \u0437\u0434\u0440\u0430\u0432\u0435\u043e\u043f\u0430\u0437\u0432\u0430\u043d\u0435\u0442\u043e.\u201c<\/em><\/p>\n<p><strong>\u0410\u0434\u0440\u0438\u0430\u043d \u0414\u044e\u043c\u0435\u0442\u0440\u0438\u0435 \/ \u0413\u043b\u0430\u0432\u0435\u043d \u0438\u0437\u043f\u044a\u043b\u043d\u0438\u0442\u0435\u043b\u0435\u043d \u0434\u0438\u0440\u0435\u043a\u0442\u043e\u0440<\/strong><\/p>\t\t\t\t\t\t\t\t<\/div>\n\t\t\t\t<\/div>\n\t\t\t\t<\/div>\n\t\t<div class=\"elementor-element elementor-element-7c011f9 e-con-full e-flex e-con e-child\" data-id=\"7c011f9\" data-element_type=\"container\" data-settings=\"{&quot;background_background&quot;:&quot;classic&quot;}\">\n\t\t\t\t<\/div>\n\t\t\t\t\t<\/div>\n\t\t\t\t<\/div>\n\t\t<div class=\"elementor-element elementor-element-7e6f7fc elementor-hidden-desktop elementor-hidden-tablet elementor-hidden-mobile e-flex e-con-boxed e-con e-parent\" data-id=\"7e6f7fc\" data-element_type=\"container\">\n\t\t\t\t\t<div class=\"e-con-inner\">\n\t\t<div class=\"elementor-element elementor-element-c5369ca e-con-full e-flex elementor-invisible e-con e-child\" data-id=\"c5369ca\" data-element_type=\"container\" data-settings=\"{&quot;animation&quot;:&quot;fadeInLeft&quot;}\">\n\t\t\t\t<div class=\"elementor-element elementor-element-826d8a9 elementor-widget elementor-widget-heading\" data-id=\"826d8a9\" data-element_type=\"widget\" data-widget_type=\"heading.default\">\n\t\t\t\t<div class=\"elementor-widget-container\">\n\t\t\t\t\t<h2 class=\"elementor-heading-title elementor-size-default\">POVESTEA NOASTR\u0102<\/h2>\t\t\t\t<\/div>\n\t\t\t\t<\/div>\n\t\t\t\t<div class=\"elementor-element elementor-element-9623600 elementor-widget elementor-widget-text-editor\" data-id=\"9623600\" data-element_type=\"widget\" data-widget_type=\"text-editor.default\">\n\t\t\t\t<div class=\"elementor-widget-container\">\n\t\t\t\t\t\t\t\t\t<p><strong>Biessen Pharma<\/strong> este o companie specializat\u0103 \u00een dezvoltarea de solu\u021bii pentru comercializarea \u0219i promovarea produselor de s\u0103n\u0103tate, dedicate \u00eembun\u0103t\u0103\u021birii calit\u0103\u021bii vie\u021bii pacien\u021bilor.<\/p>\t\t\t\t\t\t\t\t<\/div>\n\t\t\t\t<\/div>\n\t\t\t\t<div class=\"elementor-element elementor-element-daa7819 elementor-widget elementor-widget-text-editor\" data-id=\"daa7819\" data-element_type=\"widget\" data-widget_type=\"text-editor.default\">\n\t\t\t\t<div class=\"elementor-widget-container\">\n\t\t\t\t\t\t\t\t\t<p>Fondat\u0103 \u00een 1992, Biessen Pharma a fost printre primele companii care au introdus produse farmaceutice inovatoare, din Europa de Vest, \u00een \u021b\u0103rile din Europa Central\u0103 \u0219i de Est.<\/p>\t\t\t\t\t\t\t\t<\/div>\n\t\t\t\t<\/div>\n\t\t\t\t<div class=\"elementor-element elementor-element-1b5b3c6 elementor-widget elementor-widget-text-editor\" data-id=\"1b5b3c6\" data-element_type=\"widget\" data-widget_type=\"text-editor.default\">\n\t\t\t\t<div class=\"elementor-widget-container\">\n\t\t\t\t\t\t\t\t\t<p>Ax\u00e2ndu-se pe \u00eembun\u0103t\u0103\u021birea vie\u021bii pacien\u021bilor, Biessen Pharma a c\u00e2\u0219tigat at\u00e2t \u00eencrederea medicilor, c\u00e2t \u0219i a pacien\u021bilor.<\/p>\t\t\t\t\t\t\t\t<\/div>\n\t\t\t\t<\/div>\n\t\t\t\t<\/div>\n\t\t<div class=\"elementor-element elementor-element-2057b14 e-con-full e-flex elementor-invisible e-con e-child\" data-id=\"2057b14\" data-element_type=\"container\" data-settings=\"{&quot;background_background&quot;:&quot;classic&quot;,&quot;animation&quot;:&quot;fadeInRight&quot;}\">\n\t\t\t\t<div class=\"elementor-element elementor-element-04e4fc6 elementor-widget elementor-widget-spacer\" data-id=\"04e4fc6\" data-element_type=\"widget\" data-widget_type=\"spacer.default\">\n\t\t\t\t<div class=\"elementor-widget-container\">\n\t\t\t\t\t\t\t<div class=\"elementor-spacer\">\n\t\t\t<div class=\"elementor-spacer-inner\"><\/div>\n\t\t<\/div>\n\t\t\t\t\t\t<\/div>\n\t\t\t\t<\/div>\n\t\t\t\t<\/div>\n\t\t\t\t\t<\/div>\n\t\t\t\t<\/div>\n\t\t<div class=\"elementor-element elementor-element-e96cac8 elementor-hidden-desktop elementor-hidden-tablet elementor-hidden-mobile e-flex e-con-boxed e-con e-parent\" data-id=\"e96cac8\" data-element_type=\"container\">\n\t\t\t\t\t<div class=\"e-con-inner\">\n\t\t<div class=\"elementor-element elementor-element-ecfb4ea e-con-full e-flex elementor-invisible e-con e-child\" data-id=\"ecfb4ea\" data-element_type=\"container\" data-settings=\"{&quot;background_background&quot;:&quot;classic&quot;,&quot;animation&quot;:&quot;fadeInLeft&quot;}\">\n\t\t\t\t<div class=\"elementor-element elementor-element-0b0844b elementor-widget elementor-widget-spacer\" data-id=\"0b0844b\" data-element_type=\"widget\" data-widget_type=\"spacer.default\">\n\t\t\t\t<div class=\"elementor-widget-container\">\n\t\t\t\t\t\t\t<div class=\"elementor-spacer\">\n\t\t\t<div class=\"elementor-spacer-inner\"><\/div>\n\t\t<\/div>\n\t\t\t\t\t\t<\/div>\n\t\t\t\t<\/div>\n\t\t\t\t<\/div>\n\t\t<div class=\"elementor-element elementor-element-18cac73 e-con-full e-flex elementor-invisible e-con e-child\" data-id=\"18cac73\" data-element_type=\"container\" data-settings=\"{&quot;animation&quot;:&quot;fadeInRight&quot;}\">\n\t\t\t\t<div class=\"elementor-element elementor-element-fde9ba1 elementor-widget elementor-widget-heading\" data-id=\"fde9ba1\" data-element_type=\"widget\" data-widget_type=\"heading.default\">\n\t\t\t\t<div class=\"elementor-widget-container\">\n\t\t\t\t\t<h2 class=\"elementor-heading-title elementor-size-default\">MISIUNEA NOASTR\u0102<\/h2>\t\t\t\t<\/div>\n\t\t\t\t<\/div>\n\t\t\t\t<div class=\"elementor-element elementor-element-bbde9ab elementor-widget elementor-widget-text-editor\" data-id=\"bbde9ab\" data-element_type=\"widget\" data-widget_type=\"text-editor.default\">\n\t\t\t\t<div class=\"elementor-widget-container\">\n\t\t\t\t\t\t\t\t\t<ul><li>\u00cembun\u0103t\u0103\u021birea calit\u0103\u021bii vie\u021bii \u0219i asigurarea bun\u0103st\u0103rii pacien\u021bilor, oferind produse inovatoare \u0219i de calitate<\/li><li>Extinderea parteneriatelor cu companiile farmaceutice care doresc s\u0103 se dezvolte \u00een zon\u0103<\/li><li>Asigurarea unor servicii performante partenerilor de afaceri, datorit\u0103 expertizei \u0219i re\u021belei noastre<\/li><\/ul>\t\t\t\t\t\t\t\t<\/div>\n\t\t\t\t<\/div>\n\t\t\t\t<\/div>\n\t\t\t\t\t<\/div>\n\t\t\t\t<\/div>\n\t\t<div class=\"elementor-element elementor-element-caf0af9 elementor-hidden-desktop elementor-hidden-tablet elementor-hidden-mobile e-flex e-con-boxed e-con e-parent\" data-id=\"caf0af9\" data-element_type=\"container\">\n\t\t\t\t\t<div class=\"e-con-inner\">\n\t\t<div class=\"elementor-element elementor-element-1aef7c4 e-con-full e-flex elementor-invisible e-con e-child\" data-id=\"1aef7c4\" data-element_type=\"container\" data-settings=\"{&quot;animation&quot;:&quot;fadeInLeft&quot;}\">\n\t\t\t\t<div class=\"elementor-element elementor-element-a43e66e elementor-widget elementor-widget-heading\" data-id=\"a43e66e\" data-element_type=\"widget\" data-widget_type=\"heading.default\">\n\t\t\t\t<div class=\"elementor-widget-container\">\n\t\t\t\t\t<h2 class=\"elementor-heading-title elementor-size-default\">COMPETEN\u021aELE NOASTRE<\/h2>\t\t\t\t<\/div>\n\t\t\t\t<\/div>\n\t\t\t\t<div class=\"elementor-element elementor-element-3bf4490 elementor-widget elementor-widget-text-editor\" data-id=\"3bf4490\" data-element_type=\"widget\" data-widget_type=\"text-editor.default\">\n\t\t\t\t<div class=\"elementor-widget-container\">\n\t\t\t\t\t\t\t\t\t<p>Dorin\u021ba de a oferi pacien\u021bilor din Europa Central\u0103 \u0219i de Est acces la op\u021biunile terapeutice oferite de laboratoarele recunoscute din Europa de Vest a determinat grupul Biessen Pharma s\u0103 se extind\u0103 \u00een 7 \u021b\u0103ri, acoperind o popula\u021bie de 45 de milioane de locuitori. \u00cenc\u0103 de la fondarea sa \u00een 1992, grupul s-a extins prin \u00eenfiin\u021barea de filiale \u00een \u021b\u0103rile \u00een care produsele sale sunt distribuite. <\/p>\t\t\t\t\t\t\t\t<\/div>\n\t\t\t\t<\/div>\n\t\t\t\t<div class=\"elementor-element elementor-element-d924fa8 elementor-widget elementor-widget-text-editor\" data-id=\"d924fa8\" data-element_type=\"widget\" data-widget_type=\"text-editor.default\">\n\t\t\t\t<div class=\"elementor-widget-container\">\n\t\t\t\t\t\t\t\t\t<p>Aceast\u0103 structur\u0103, cu birouri opera\u021bionale \u00een fiecare \u021bar\u0103 \u021bint\u0103, ne-a oferit posibilitatea de a fi mai activi la nivel regional \u0219i de a oferi partenerilor servicii dedicate, care \u021bin cont de particularit\u0103\u021bile locale.<\/p>\t\t\t\t\t\t\t\t<\/div>\n\t\t\t\t<\/div>\n\t\t\t\t<\/div>\n\t\t<div class=\"elementor-element elementor-element-d442e65 e-con-full e-flex elementor-invisible e-con e-child\" data-id=\"d442e65\" data-element_type=\"container\" data-settings=\"{&quot;background_background&quot;:&quot;classic&quot;,&quot;animation&quot;:&quot;fadeInRight&quot;}\">\n\t\t\t\t<div class=\"elementor-element elementor-element-dbb4f65 elementor-widget elementor-widget-spacer\" data-id=\"dbb4f65\" data-element_type=\"widget\" data-widget_type=\"spacer.default\">\n\t\t\t\t<div class=\"elementor-widget-container\">\n\t\t\t\t\t\t\t<div class=\"elementor-spacer\">\n\t\t\t<div class=\"elementor-spacer-inner\"><\/div>\n\t\t<\/div>\n\t\t\t\t\t\t<\/div>\n\t\t\t\t<\/div>\n\t\t\t\t<\/div>\n\t\t\t\t\t<\/div>\n\t\t\t\t<\/div>\n\t\t<div class=\"elementor-element elementor-element-44df569 elementor-hidden-desktop elementor-hidden-tablet elementor-hidden-mobile e-flex e-con-boxed e-con e-parent\" data-id=\"44df569\" data-element_type=\"container\">\n\t\t\t\t\t<div class=\"e-con-inner\">\n\t\t<div class=\"elementor-element elementor-element-478b6fd e-con-full e-flex e-con e-child\" data-id=\"478b6fd\" data-element_type=\"container\" data-settings=\"{&quot;background_background&quot;:&quot;classic&quot;}\">\n\t\t\t\t<\/div>\n\t\t<div class=\"elementor-element elementor-element-c733c29 e-con-full e-flex e-con e-child\" data-id=\"c733c29\" data-element_type=\"container\" data-settings=\"{&quot;background_background&quot;:&quot;classic&quot;}\">\n\t\t\t\t<div class=\"elementor-element elementor-element-cf3f996 elementor-widget elementor-widget-text-editor\" data-id=\"cf3f996\" data-element_type=\"widget\" data-widget_type=\"text-editor.default\">\n\t\t\t\t<div class=\"elementor-widget-container\">\n\t\t\t\t\t\t\t\t\t<p>\u201cDe aproape 30 de ani, echipele Biessen Pharma au depus toate eforturile pentru a dep\u0103\u0219i limitele \u0219tiin\u021bei \u0219i inova\u021biei, pentru a \u00eembunat\u0103\u021bi s\u0103n\u0103tatea \u0219i bun\u0103starea pacien\u021bilor.\u201d<\/p>\t\t\t\t\t\t\t\t<\/div>\n\t\t\t\t<\/div>\n\t\t\t\t<div class=\"elementor-element elementor-element-89f107b elementor-widget elementor-widget-text-editor\" data-id=\"89f107b\" data-element_type=\"widget\" data-widget_type=\"text-editor.default\">\n\t\t\t\t<div class=\"elementor-widget-container\">\n\t\t\t\t\t\t\t\t\t<p>\u0410\u0434\u0440\u0438\u0430\u043d \u0414\u044e\u043c\u0435\u0442\u0440\u0438\u0435 \/ \u0413\u043b\u0430\u0432\u0435\u043d \u0438\u0437\u043f\u044a\u043b\u043d\u0438\u0442\u0435\u043b\u0435\u043d \u0434\u0438\u0440\u0435\u043a\u0442\u043e\u0440<\/p>\t\t\t\t\t\t\t\t<\/div>\n\t\t\t\t<\/div>\n\t\t\t\t<\/div>\n\t\t\t\t\t<\/div>\n\t\t\t\t<\/div>\n\t\t\t\t<\/div>\n\t\t","protected":false},"excerpt":{"rendered":"<p>\u0418\u043d\u043e\u0432\u0430\u0446\u0438\u0438\u0442\u0435 \u0441\u0430 \u0447\u0430\u0441\u0442 \u043e\u0442 \u043d\u0430\u0448\u0435\u0442\u043e \u0414\u041d\u041a \u0421 \u043d\u0430\u0434 30 \u0433\u043e\u0434\u0438\u043d\u0438 \u043e\u043f\u0438\u0442 \u0432\u044a\u0432 \u0444\u0430\u0440\u043c\u0430\u0446\u0435\u0432\u0442\u0438\u0447\u043d\u0430\u0442\u0430 \u043e\u0431\u043b\u0430\u0441\u0442, Biessen Pharma \u0435 \u043a\u043e\u043c\u043f\u0430\u043d\u0438\u044f, \u043e\u0441\u043d\u043e\u0432\u0430\u043d\u0430 \u043e\u0442 \u0435\u043a\u0438\u043f \u043e\u0442 \u043f\u0440\u043e\u0444\u0435\u0441\u0438\u043e\u043d\u0430\u043b\u0438\u0441\u0442\u0438, \u043e\u0431\u0435\u0434\u0438\u043d\u0435\u043d\u0438 \u043e\u0442 \u043e\u0431\u0449\u0438 \u0446\u0435\u043d\u043d\u043e\u0441\u0442\u0438, \u043a\u043e\u0439\u0442\u043e \u0443\u0441\u043f\u044f \u0434\u0430 \u043e\u0442\u043a\u0440\u0438\u0435 \u043d\u043e\u0432\u0438 \u043f\u044a\u0442\u0438\u0449\u0430 \u0437\u0430 \u043f\u043e\u0434\u043e\u0431\u0440\u044f\u0432\u0430\u043d\u0435 \u043d\u0430 \u0437\u0434\u0440\u0430\u0432\u0435\u0442\u043e \u0438 \u043a\u0430\u0447\u0435\u0441\u0442\u0432\u043e\u0442\u043e \u043d\u0430 \u0436\u0438\u0432\u043e\u0442. \u041d\u0430\u0439-\u0434\u043e\u0431\u0440\u0435 \u0438\u0437\u0440\u0430\u0437\u0435\u043d\u0430 \u043e\u0442 \u043d\u0430\u0448\u0438\u044f \u0441\u043b\u043e\u0433\u0430\u043d \u201e\u0413\u0440\u0438\u0436\u0430 \u0437\u0430 \u0437\u0434\u0440\u0430\u0432\u0435\u0442\u043e. \u0413\u0440\u0438\u0436\u0430 \u0437\u0430 \u0431\u044a\u0434\u0435\u0449\u0435\u0442\u043e\u201c, \u043c\u0438\u0441\u0438\u044f\u0442\u0430 \u043d\u0430 Biessen [&hellip;]<\/p>\n","protected":false},"author":1,"featured_media":0,"parent":0,"menu_order":0,"comment_status":"closed","ping_status":"closed","template":"","meta":{"footnotes":""},"class_list":["post-2101","page","type-page","status-publish","hentry"],"_links":{"self":[{"href":"https:\/\/astenor.eu\/bg\/wp-json\/wp\/v2\/pages\/2101","targetHints":{"allow":["GET"]}}],"collection":[{"href":"https:\/\/astenor.eu\/bg\/wp-json\/wp\/v2\/pages"}],"about":[{"href":"https:\/\/astenor.eu\/bg\/wp-json\/wp\/v2\/types\/page"}],"author":[{"embeddable":true,"href":"https:\/\/astenor.eu\/bg\/wp-json\/wp\/v2\/users\/1"}],"replies":[{"embeddable":true,"href":"https:\/\/astenor.eu\/bg\/wp-json\/wp\/v2\/comments?post=2101"}],"version-history":[{"count":1,"href":"https:\/\/astenor.eu\/bg\/wp-json\/wp\/v2\/pages\/2101\/revisions"}],"predecessor-version":[{"id":2102,"href":"https:\/\/astenor.eu\/bg\/wp-json\/wp\/v2\/pages\/2101\/revisions\/2102"}],"wp:attachment":[{"href":"https:\/\/astenor.eu\/bg\/wp-json\/wp\/v2\/media?parent=2101"}],"curies":[{"name":"wp","href":"https:\/\/api.w.org\/{rel}","templated":true}]}}